{"id":10988,"date":"2023-11-01T21:03:56","date_gmt":"2023-11-01T18:03:56","guid":{"rendered":"https:\/\/tiryakiler.com.tr\/unternehmensphilosophie\/"},"modified":"2023-11-09T20:41:21","modified_gmt":"2023-11-09T17:41:21","slug":"unternehmensphilosophie","status":"publish","type":"page","link":"https:\/\/tiryakiler.com.tr\/de\/unternehmensphilosophie\/","title":{"rendered":"Unternehmensvision"},"content":{"rendered":"\t\t<div data-elementor-type=\"wp-page\" data-elementor-id=\"10988\" class=\"elementor elementor-10988 elementor-8507\" data-elementor-settings=\"[]\">\n\t\t\t\t\t\t\t<div class=\"elementor-section-wrap\">\n\t\t\t\t\t\t\t<section class=\"elementor-section elementor-top-section elementor-element elementor-element-5894e0b elementor-section-boxed elementor-section-height-default elementor-section-height-default\" data-id=\"5894e0b\" data-element_type=\"section\" data-settings=\"{&quot;background_background&quot;:&quot;classic&quot;}\">\n\t\t\t\t\t\t\t<div class=\"elementor-background-overlay\"><\/div>\n\t\t\t\t\t\t\t<div class=\"elementor-container elementor-column-gap-default\">\n\t\t\t\t\t<div class=\"elementor-column elementor-col-100 elementor-top-column elementor-element elementor-element-bfd9e14\" data-id=\"bfd9e14\" data-element_type=\"column\">\n\t\t\t<div class=\"elementor-widget-wrap elementor-element-populated\">\n\t\t\t\t\t\t\t\t<div class=\"elementor-element elementor-element-e80f152 elementor-widget elementor-widget-woocommerce-breadcrumb\" data-id=\"e80f152\" data-element_type=\"widget\" data-widget_type=\"woocommerce-breadcrumb.default\">\n\t\t\t\t<div class=\"elementor-widget-container\">\n\t\t\t<nav class=\"woocommerce-breadcrumb\" aria-label=\"Breadcrumb\">Home<\/nav>\t\t<\/div>\n\t\t\t\t<\/div>\n\t\t\t\t\t<\/div>\n\t\t<\/div>\n\t\t\t\t\t\t\t<\/div>\n\t\t<\/section>\n\t\t\t\t<section class=\"elementor-section elementor-top-section elementor-element elementor-element-20e4b48 elementor-section-boxed elementor-section-height-default elementor-section-height-default\" data-id=\"20e4b48\" data-element_type=\"section\">\n\t\t\t\t\t\t<div class=\"elementor-container elementor-column-gap-default\">\n\t\t\t\t\t<div class=\"elementor-column elementor-col-100 elementor-top-column elementor-element elementor-element-f71aef3\" data-id=\"f71aef3\" data-element_type=\"column\">\n\t\t\t<div class=\"elementor-widget-wrap elementor-element-populated\">\n\t\t\t\t\t\t\t\t<section class=\"elementor-section elementor-inner-section elementor-element elementor-element-49d9eb4 elementor-section-boxed elementor-section-height-default elementor-section-height-default\" data-id=\"49d9eb4\" data-element_type=\"section\">\n\t\t\t\t\t\t<div class=\"elementor-container elementor-column-gap-default\">\n\t\t\t\t\t<div class=\"elementor-column elementor-col-50 elementor-inner-column elementor-element elementor-element-e437dfe\" data-id=\"e437dfe\" data-element_type=\"column\">\n\t\t\t<div class=\"elementor-widget-wrap elementor-element-populated\">\n\t\t\t\t\t\t\t\t<div class=\"elementor-element elementor-element-2fdb4be elementor-position-left elementor-vertical-align-middle elementor-widget elementor-widget-image-box\" data-id=\"2fdb4be\" data-element_type=\"widget\" data-widget_type=\"image-box.default\">\n\t\t\t\t<div class=\"elementor-widget-container\">\n\t\t\t<style>\/*! elementor - v3.5.3 - 28-12-2021 *\/\n.elementor-widget-image-box .elementor-image-box-content{width:100%}@media (min-width:768px){.elementor-widget-image-box.elementor-position-left .elementor-image-box-wrapper,.elementor-widget-image-box.elementor-position-right .elementor-image-box-wrapper{display:-webkit-box;display:-ms-flexbox;display:flex}.elementor-widget-image-box.elementor-position-right .elementor-image-box-wrapper{text-align:right;-webkit-box-orient:horizontal;-webkit-box-direction:reverse;-ms-flex-direction:row-reverse;flex-direction:row-reverse}.elementor-widget-image-box.elementor-position-left .elementor-image-box-wrapper{text-align:left;-webkit-box-orient:horizontal;-webkit-box-direction:normal;-ms-flex-direction:row;flex-direction:row}.elementor-widget-image-box.elementor-position-top .elementor-image-box-img{margin:auto}.elementor-widget-image-box.elementor-vertical-align-top .elementor-image-box-wrapper{-webkit-box-align:start;-ms-flex-align:start;align-items:flex-start}.elementor-widget-image-box.elementor-vertical-align-middle .elementor-image-box-wrapper{-webkit-box-align:center;-ms-flex-align:center;align-items:center}.elementor-widget-image-box.elementor-vertical-align-bottom .elementor-image-box-wrapper{-webkit-box-align:end;-ms-flex-align:end;align-items:flex-end}}@media (max-width:767px){.elementor-widget-image-box .elementor-image-box-img{margin-left:auto!important;margin-right:auto!important;margin-bottom:15px}}.elementor-widget-image-box .elementor-image-box-img{display:inline-block}.elementor-widget-image-box .elementor-image-box-title a{color:inherit}.elementor-widget-image-box .elementor-image-box-wrapper{text-align:center}.elementor-widget-image-box .elementor-image-box-description{margin:0}<\/style><div class=\"elementor-image-box-wrapper\"><figure class=\"elementor-image-box-img\"><img decoding=\"async\" src=\"https:\/\/tiryakiler.com.tr\/wp-content\/uploads\/2023\/02\/vizyon.svg\" class=\"attachment-full size-full\" alt=\"\" \/><\/figure><div class=\"elementor-image-box-content\"><h3 class=\"elementor-image-box-title\">Unsere Vision<\/h3><\/div><\/div>\t\t<\/div>\n\t\t\t\t<\/div>\n\t\t\t\t<div class=\"elementor-element elementor-element-a64e77e elementor-widget elementor-widget-text-editor\" data-id=\"a64e77e\" data-element_type=\"widget\" data-widget_type=\"text-editor.default\">\n\t\t\t\t<div class=\"elementor-widget-container\">\n\t\t\t<style>\/*! elementor - v3.5.3 - 28-12-2021 *\/\n.elementor-widget-text-editor.elementor-drop-cap-view-stacked .elementor-drop-cap{background-color:#818a91;color:#fff}.elementor-widget-text-editor.elementor-drop-cap-view-framed .elementor-drop-cap{color:#818a91;border:3px solid;background-color:transparent}.elementor-widget-text-editor:not(.elementor-drop-cap-view-default) .elementor-drop-cap{margin-top:8px}.elementor-widget-text-editor:not(.elementor-drop-cap-view-default) .elementor-drop-cap-letter{width:1em;height:1em}.elementor-widget-text-editor .elementor-drop-cap{float:left;text-align:center;line-height:1;font-size:50px}.elementor-widget-text-editor .elementor-drop-cap-letter{display:inline-block}<\/style>\t\t\t\t<p>Wir wollen eine multinationale Unternehmensgruppe mit ausgewogenem Vertrieb, nachhaltiger Rentabilit\u00e4t, einem konsolidierten Umsatz von 350 Millionen US-Dollar sein und den Werten der Familie verpflichtet sein.<\/p>\n\t\t\t\t\t\t<\/div>\n\t\t\t\t<\/div>\n\t\t\t\t<div class=\"elementor-element elementor-element-c4ab59f elementor-position-left elementor-vertical-align-middle elementor-widget elementor-widget-image-box\" data-id=\"c4ab59f\" data-element_type=\"widget\" data-widget_type=\"image-box.default\">\n\t\t\t\t<div class=\"elementor-widget-container\">\n\t\t\t<div class=\"elementor-image-box-wrapper\"><figure class=\"elementor-image-box-img\"><img decoding=\"async\" src=\"https:\/\/tiryakiler.com.tr\/wp-content\/uploads\/2023\/02\/misyon.svg\" class=\"attachment-full size-full\" alt=\"\" \/><\/figure><div class=\"elementor-image-box-content\"><h3 class=\"elementor-image-box-title\">Unsere Aufgabe<\/h3><\/div><\/div>\t\t<\/div>\n\t\t\t\t<\/div>\n\t\t\t\t<div class=\"elementor-element elementor-element-06e90d3 elementor-widget elementor-widget-text-editor\" data-id=\"06e90d3\" data-element_type=\"widget\" data-widget_type=\"text-editor.default\">\n\t\t\t\t<div class=\"elementor-widget-container\">\n\t\t\t\t\t\t\t<p>Wir wollen eine innovative, wettbewerbsf\u00e4hige, umwelt- und sozialbewusste multinationale Unternehmensgruppe sein, die ihre Einnahmen aus dem Automobil- und Nicht-Automobilbereich mit nicht-industriellen Handels- und Immobilieneinnahmen diversifiziert, ihre Verm\u00f6genswerte effektiv verwaltet und sich um die Zufriedenheit aller Beteiligten k\u00fcmmert.<\/p>\n\t\t\t\t\t\t<\/div>\n\t\t\t\t<\/div>\n\t\t\t\t\t<\/div>\n\t\t<\/div>\n\t\t\t\t<div class=\"elementor-column elementor-col-50 elementor-inner-column elementor-element elementor-element-786bfba\" data-id=\"786bfba\" data-element_type=\"column\">\n\t\t\t<div class=\"elementor-widget-wrap elementor-element-populated\">\n\t\t\t\t\t\t\t\t<div class=\"elementor-element elementor-element-b338f5c elementor-widget elementor-widget-image\" data-id=\"b338f5c\" data-element_type=\"widget\" data-widget_type=\"image.default\">\n\t\t\t\t<div class=\"elementor-widget-container\">\n\t\t\t<style>\/*! elementor - v3.5.3 - 28-12-2021 *\/\n.elementor-widget-image{text-align:center}.elementor-widget-image a{display:inline-block}.elementor-widget-image a img[src$=\".svg\"]{width:48px}.elementor-widget-image img{vertical-align:middle;display:inline-block}<\/style>\t\t\t\t\t\t\t\t\t\t\t\t<img loading=\"lazy\" decoding=\"async\" width=\"479\" height=\"384\" src=\"https:\/\/tiryakiler.com.tr\/wp-content\/uploads\/2023\/02\/kurumsal-felsefe-deg\u2560aerlerimiz_SALT-02.png\" class=\"attachment-full size-full\" alt=\"\" srcset=\"https:\/\/tiryakiler.com.tr\/wp-content\/uploads\/2023\/02\/kurumsal-felsefe-deg\u2560aerlerimiz_SALT-02.png 479w, https:\/\/tiryakiler.com.tr\/wp-content\/uploads\/2023\/02\/kurumsal-felsefe-deg\u2560aerlerimiz_SALT-02-300x241.png 300w, https:\/\/tiryakiler.com.tr\/wp-content\/uploads\/2023\/02\/kurumsal-felsefe-deg\u2560aerlerimiz_SALT-02-285x228.png 285w, https:\/\/tiryakiler.com.tr\/wp-content\/uploads\/2023\/02\/kurumsal-felsefe-deg\u2560aerlerimiz_SALT-02-150x120.png 150w\" sizes=\"auto, (max-width: 479px) 100vw, 479px\" \/>\t\t\t\t\t\t\t\t\t\t\t\t\t\t\t<\/div>\n\t\t\t\t<\/div>\n\t\t\t\t\t<\/div>\n\t\t<\/div>\n\t\t\t\t\t\t\t<\/div>\n\t\t<\/section>\n\t\t\t\t\t<\/div>\n\t\t<\/div>\n\t\t\t\t\t\t\t<\/div>\n\t\t<\/section>\n\t\t\t\t<section class=\"elementor-section elementor-top-section elementor-element elementor-element-ea1012e elementor-section-boxed elementor-section-height-default elementor-section-height-default\" data-id=\"ea1012e\" data-element_type=\"section\">\n\t\t\t\t\t\t<div class=\"elementor-container elementor-column-gap-default\">\n\t\t\t\t\t<div class=\"elementor-column elementor-col-100 elementor-top-column elementor-element elementor-element-e3157a2\" data-id=\"e3157a2\" data-element_type=\"column\">\n\t\t\t<div class=\"elementor-widget-wrap elementor-element-populated\">\n\t\t\t\t\t\t\t\t<div class=\"elementor-element elementor-element-221f114 elementor-widget elementor-widget-heading\" data-id=\"221f114\" data-element_type=\"widget\" data-widget_type=\"heading.default\">\n\t\t\t\t<div class=\"elementor-widget-container\">\n\t\t\t<style>\/*! elementor - v3.5.3 - 28-12-2021 *\/\n.elementor-heading-title{padding:0;margin:0;line-height:1}.elementor-widget-heading .elementor-heading-title[class*=elementor-size-]>a{color:inherit;font-size:inherit;line-height:inherit}.elementor-widget-heading .elementor-heading-title.elementor-size-small{font-size:15px}.elementor-widget-heading .elementor-heading-title.elementor-size-medium{font-size:19px}.elementor-widget-heading .elementor-heading-title.elementor-size-large{font-size:29px}.elementor-widget-heading .elementor-heading-title.elementor-size-xl{font-size:39px}.elementor-widget-heading .elementor-heading-title.elementor-size-xxl{font-size:59px}<\/style><h2 class=\"elementor-heading-title elementor-size-default elementor-heading-title elementor-size-default\">Unsere Werte<\/h2>\t\t<\/div>\n\t\t\t\t<\/div>\n\t\t\t\t<div class=\"elementor-element elementor-element-323bc99 elementor-position-left elementor-vertical-align-top elementor-widget elementor-widget-image-box\" data-id=\"323bc99\" data-element_type=\"widget\" data-widget_type=\"image-box.default\">\n\t\t\t\t<div class=\"elementor-widget-container\">\n\t\t\t<div class=\"elementor-image-box-wrapper\"><figure class=\"elementor-image-box-img\"><img decoding=\"async\" src=\"https:\/\/tiryakiler.com.tr\/wp-content\/uploads\/2023\/02\/honesty.svg\" class=\"attachment-full size-full\" alt=\"\" \/><\/figure><div class=\"elementor-image-box-content\"><h3 class=\"elementor-image-box-title\">Vertrauen<\/h3><p class=\"elementor-image-box-description\">Wir bauen mit allen unseren Stakeholdern Beziehungen auf, die auf \u201eVertrauen\u201c basieren. Wir sorgen f\u00fcr ein Gef\u00fchl des Vertrauens, indem wir Verantwortung f\u00fcr unsere Arbeit, Verantwortung und Werte \u00fcbernehmen und das, was wir sagen, in die Tat umsetzen. \n<\/p><\/div><\/div>\t\t<\/div>\n\t\t\t\t<\/div>\n\t\t\t\t<div class=\"elementor-element elementor-element-f4708d4 elementor-position-left elementor-vertical-align-top elementor-widget elementor-widget-image-box\" data-id=\"f4708d4\" data-element_type=\"widget\" data-widget_type=\"image-box.default\">\n\t\t\t\t<div class=\"elementor-widget-container\">\n\t\t\t<div class=\"elementor-image-box-wrapper\"><figure class=\"elementor-image-box-img\"><img decoding=\"async\" src=\"https:\/\/tiryakiler.com.tr\/wp-content\/uploads\/2023\/02\/adalet.svg\" class=\"attachment-full size-full\" alt=\"\" \/><\/figure><div class=\"elementor-image-box-content\"><h3 class=\"elementor-image-box-title\">Gerechtigkeit<\/h3><p class=\"elementor-image-box-description\">Wir praktizieren \u201efaire\u201c Ans\u00e4tze in unseren zwischenmenschlichen und gesch\u00e4ftlichen Beziehungen.\n.<\/p><\/div><\/div>\t\t<\/div>\n\t\t\t\t<\/div>\n\t\t\t\t<div class=\"elementor-element elementor-element-87bf71f elementor-position-left elementor-vertical-align-top elementor-widget elementor-widget-image-box\" data-id=\"87bf71f\" data-element_type=\"widget\" data-widget_type=\"image-box.default\">\n\t\t\t\t<div class=\"elementor-widget-container\">\n\t\t\t<div class=\"elementor-image-box-wrapper\"><figure class=\"elementor-image-box-img\"><img decoding=\"async\" src=\"https:\/\/tiryakiler.com.tr\/wp-content\/uploads\/2023\/02\/esitlik-saygi.svg\" class=\"attachment-full size-full\" alt=\"\" \/><\/figure><div class=\"elementor-image-box-content\"><h3 class=\"elementor-image-box-title\">Gleichheit und Respekt<\/h3><p class=\"elementor-image-box-description\">An unsere Mitarbeiter, Kunden, Lieferanten und alle anderen Stakeholder; Gem\u00e4\u00df unseren Grunds\u00e4tzen begegnen wir allen Geschlechtern, \u00dcberzeugungen, Meinungen und anderen Unterschieden \u201egleich\u201c und mit \u201eRespekt\u201c. \n<\/p><\/div><\/div>\t\t<\/div>\n\t\t\t\t<\/div>\n\t\t\t\t<div class=\"elementor-element elementor-element-575e6d8 elementor-position-left elementor-vertical-align-top elementor-widget elementor-widget-image-box\" data-id=\"575e6d8\" data-element_type=\"widget\" data-widget_type=\"image-box.default\">\n\t\t\t\t<div class=\"elementor-widget-container\">\n\t\t\t<div class=\"elementor-image-box-wrapper\"><figure class=\"elementor-image-box-img\"><img decoding=\"async\" src=\"https:\/\/tiryakiler.com.tr\/wp-content\/uploads\/2023\/02\/durustluk.svg\" class=\"attachment-full size-full\" alt=\"\" \/><\/figure><div class=\"elementor-image-box-content\"><h3 class=\"elementor-image-box-title\">Ehrlichkeit<\/h3><p class=\"elementor-image-box-description\">Wir legen bei unserer Arbeit stets Wert auf \u201eEhrlichkeit\u201c. \n<\/p><\/div><\/div>\t\t<\/div>\n\t\t\t\t<\/div>\n\t\t\t\t\t<\/div>\n\t\t<\/div>\n\t\t\t\t\t\t\t<\/div>\n\t\t<\/section>\n\t\t\t\t\t\t<\/div>\n\t\t\t\t\t<\/div>\n\t\t","protected":false},"excerpt":{"rendered":"<p>Unsere Vision Wir wollen eine multinationale Unternehmensgruppe mit ausgewogenem Vertrieb, nachhaltiger Rentabilit\u00e4t, einem konsolidierten Umsatz von 350 Millionen&#8230;<\/p>\n","protected":false},"author":9,"featured_media":0,"parent":0,"menu_order":0,"comment_status":"closed","ping_status":"closed","template":"elementor_header_footer","meta":{"_acf_changed":false,"footnotes":""},"class_list":["post-10988","page","type-page","status-publish","hentry"],"acf":[],"yoast_head":"<!-- This site is optimized with the Yoast SEO plugin v22.2 - https:\/\/yoast.com\/wordpress\/plugins\/seo\/ -->\n<title>Unternehmensvision - Tiryakiler<\/title>\n<meta name=\"robots\" content=\"noindex, follow, max-snippet:-1, max-image-preview:large, max-video-preview:-1\" \/>\n<meta property=\"og:locale\" content=\"de_DE\" \/>\n<meta property=\"og:type\" content=\"article\" \/>\n<meta property=\"og:title\" content=\"Unternehmensvision - Tiryakiler\" \/>\n<meta property=\"og:description\" content=\"Unsere Vision Wir wollen eine multinationale Unternehmensgruppe mit ausgewogenem Vertrieb, nachhaltiger Rentabilit\u00e4t, einem konsolidierten Umsatz von 350 Millionen...\" \/>\n<meta property=\"og:url\" content=\"https:\/\/tiryakiler.com.tr\/de\/unternehmensphilosophie\/\" \/>\n<meta property=\"og:site_name\" content=\"Tiryakiler\" \/>\n<meta property=\"article:modified_time\" content=\"2023-11-09T17:41:21+00:00\" \/>\n<meta property=\"og:image\" content=\"https:\/\/tiryakiler.com.tr\/wp-content\/uploads\/2023\/02\/vizyon.svg\" \/>\n<meta name=\"twitter:card\" content=\"summary_large_image\" \/>\n<meta name=\"twitter:label1\" content=\"Gesch\u00e4tzte Lesezeit\" \/>\n\t<meta name=\"twitter:data1\" content=\"3\u00a0Minuten\" \/>\n<script type=\"application\/ld+json\" class=\"yoast-schema-graph\">{\"@context\":\"https:\/\/schema.org\",\"@graph\":[{\"@type\":\"WebPage\",\"@id\":\"https:\/\/tiryakiler.com.tr\/de\/unternehmensphilosophie\/\",\"url\":\"https:\/\/tiryakiler.com.tr\/de\/unternehmensphilosophie\/\",\"name\":\"Unternehmensvision - Tiryakiler\",\"isPartOf\":{\"@id\":\"https:\/\/tiryakiler.com.tr\/de\/#website\"},\"primaryImageOfPage\":{\"@id\":\"https:\/\/tiryakiler.com.tr\/de\/unternehmensphilosophie\/#primaryimage\"},\"image\":{\"@id\":\"https:\/\/tiryakiler.com.tr\/de\/unternehmensphilosophie\/#primaryimage\"},\"thumbnailUrl\":\"https:\/\/tiryakiler.com.tr\/wp-content\/uploads\/2023\/02\/vizyon.svg\",\"datePublished\":\"2023-11-01T18:03:56+00:00\",\"dateModified\":\"2023-11-09T17:41:21+00:00\",\"breadcrumb\":{\"@id\":\"https:\/\/tiryakiler.com.tr\/de\/unternehmensphilosophie\/#breadcrumb\"},\"inLanguage\":\"de\",\"potentialAction\":[{\"@type\":\"ReadAction\",\"target\":[\"https:\/\/tiryakiler.com.tr\/de\/unternehmensphilosophie\/\"]}]},{\"@type\":\"ImageObject\",\"inLanguage\":\"de\",\"@id\":\"https:\/\/tiryakiler.com.tr\/de\/unternehmensphilosophie\/#primaryimage\",\"url\":\"https:\/\/tiryakiler.com.tr\/wp-content\/uploads\/2023\/02\/vizyon.svg\",\"contentUrl\":\"https:\/\/tiryakiler.com.tr\/wp-content\/uploads\/2023\/02\/vizyon.svg\",\"width\":25,\"height\":25},{\"@type\":\"BreadcrumbList\",\"@id\":\"https:\/\/tiryakiler.com.tr\/de\/unternehmensphilosophie\/#breadcrumb\",\"itemListElement\":[{\"@type\":\"ListItem\",\"position\":1,\"name\":\"Anasayfa\",\"item\":\"https:\/\/tiryakiler.com.tr\/de\/\"},{\"@type\":\"ListItem\",\"position\":2,\"name\":\"Unternehmensvision\"}]},{\"@type\":\"WebSite\",\"@id\":\"https:\/\/tiryakiler.com.tr\/de\/#website\",\"url\":\"https:\/\/tiryakiler.com.tr\/de\/\",\"name\":\"Tiryakiler\",\"description\":\"\",\"publisher\":{\"@id\":\"https:\/\/tiryakiler.com.tr\/de\/#organization\"},\"potentialAction\":[{\"@type\":\"SearchAction\",\"target\":{\"@type\":\"EntryPoint\",\"urlTemplate\":\"https:\/\/tiryakiler.com.tr\/de\/?s={search_term_string}\"},\"query-input\":\"required name=search_term_string\"}],\"inLanguage\":\"de\"},{\"@type\":\"Organization\",\"@id\":\"https:\/\/tiryakiler.com.tr\/de\/#organization\",\"name\":\"Tirsan Kardan A\u015e\",\"url\":\"https:\/\/tiryakiler.com.tr\/de\/\",\"logo\":{\"@type\":\"ImageObject\",\"inLanguage\":\"de\",\"@id\":\"https:\/\/tiryakiler.com.tr\/de\/#\/schema\/logo\/image\/\",\"url\":\"https:\/\/tiryakiler.com.tr\/wp-content\/uploads\/2018\/07\/logo.png\",\"contentUrl\":\"https:\/\/tiryakiler.com.tr\/wp-content\/uploads\/2018\/07\/logo.png\",\"width\":314,\"height\":69,\"caption\":\"Tirsan Kardan A\u015e\"},\"image\":{\"@id\":\"https:\/\/tiryakiler.com.tr\/de\/#\/schema\/logo\/image\/\"}}]}<\/script>\n<!-- \/ Yoast SEO plugin. -->","yoast_head_json":{"title":"Unternehmensvision - Tiryakiler","robots":{"index":"noindex","follow":"follow","max-snippet":"max-snippet:-1","max-image-preview":"max-image-preview:large","max-video-preview":"max-video-preview:-1"},"og_locale":"de_DE","og_type":"article","og_title":"Unternehmensvision - Tiryakiler","og_description":"Unsere Vision Wir wollen eine multinationale Unternehmensgruppe mit ausgewogenem Vertrieb, nachhaltiger Rentabilit\u00e4t, einem konsolidierten Umsatz von 350 Millionen...","og_url":"https:\/\/tiryakiler.com.tr\/de\/unternehmensphilosophie\/","og_site_name":"Tiryakiler","article_modified_time":"2023-11-09T17:41:21+00:00","og_image":[{"url":"https:\/\/tiryakiler.com.tr\/wp-content\/uploads\/2023\/02\/vizyon.svg"}],"twitter_card":"summary_large_image","twitter_misc":{"Gesch\u00e4tzte Lesezeit":"3\u00a0Minuten"},"schema":{"@context":"https:\/\/schema.org","@graph":[{"@type":"WebPage","@id":"https:\/\/tiryakiler.com.tr\/de\/unternehmensphilosophie\/","url":"https:\/\/tiryakiler.com.tr\/de\/unternehmensphilosophie\/","name":"Unternehmensvision - Tiryakiler","isPartOf":{"@id":"https:\/\/tiryakiler.com.tr\/de\/#website"},"primaryImageOfPage":{"@id":"https:\/\/tiryakiler.com.tr\/de\/unternehmensphilosophie\/#primaryimage"},"image":{"@id":"https:\/\/tiryakiler.com.tr\/de\/unternehmensphilosophie\/#primaryimage"},"thumbnailUrl":"https:\/\/tiryakiler.com.tr\/wp-content\/uploads\/2023\/02\/vizyon.svg","datePublished":"2023-11-01T18:03:56+00:00","dateModified":"2023-11-09T17:41:21+00:00","breadcrumb":{"@id":"https:\/\/tiryakiler.com.tr\/de\/unternehmensphilosophie\/#breadcrumb"},"inLanguage":"de","potentialAction":[{"@type":"ReadAction","target":["https:\/\/tiryakiler.com.tr\/de\/unternehmensphilosophie\/"]}]},{"@type":"ImageObject","inLanguage":"de","@id":"https:\/\/tiryakiler.com.tr\/de\/unternehmensphilosophie\/#primaryimage","url":"https:\/\/tiryakiler.com.tr\/wp-content\/uploads\/2023\/02\/vizyon.svg","contentUrl":"https:\/\/tiryakiler.com.tr\/wp-content\/uploads\/2023\/02\/vizyon.svg","width":25,"height":25},{"@type":"BreadcrumbList","@id":"https:\/\/tiryakiler.com.tr\/de\/unternehmensphilosophie\/#breadcrumb","itemListElement":[{"@type":"ListItem","position":1,"name":"Anasayfa","item":"https:\/\/tiryakiler.com.tr\/de\/"},{"@type":"ListItem","position":2,"name":"Unternehmensvision"}]},{"@type":"WebSite","@id":"https:\/\/tiryakiler.com.tr\/de\/#website","url":"https:\/\/tiryakiler.com.tr\/de\/","name":"Tiryakiler","description":"","publisher":{"@id":"https:\/\/tiryakiler.com.tr\/de\/#organization"},"potentialAction":[{"@type":"SearchAction","target":{"@type":"EntryPoint","urlTemplate":"https:\/\/tiryakiler.com.tr\/de\/?s={search_term_string}"},"query-input":"required name=search_term_string"}],"inLanguage":"de"},{"@type":"Organization","@id":"https:\/\/tiryakiler.com.tr\/de\/#organization","name":"Tirsan Kardan A\u015e","url":"https:\/\/tiryakiler.com.tr\/de\/","logo":{"@type":"ImageObject","inLanguage":"de","@id":"https:\/\/tiryakiler.com.tr\/de\/#\/schema\/logo\/image\/","url":"https:\/\/tiryakiler.com.tr\/wp-content\/uploads\/2018\/07\/logo.png","contentUrl":"https:\/\/tiryakiler.com.tr\/wp-content\/uploads\/2018\/07\/logo.png","width":314,"height":69,"caption":"Tirsan Kardan A\u015e"},"image":{"@id":"https:\/\/tiryakiler.com.tr\/de\/#\/schema\/logo\/image\/"}}]}},"_links":{"self":[{"href":"https:\/\/tiryakiler.com.tr\/de\/wp-json\/wp\/v2\/pages\/10988","targetHints":{"allow":["GET"]}}],"collection":[{"href":"https:\/\/tiryakiler.com.tr\/de\/wp-json\/wp\/v2\/pages"}],"about":[{"href":"https:\/\/tiryakiler.com.tr\/de\/wp-json\/wp\/v2\/types\/page"}],"author":[{"embeddable":true,"href":"https:\/\/tiryakiler.com.tr\/de\/wp-json\/wp\/v2\/users\/9"}],"replies":[{"embeddable":true,"href":"https:\/\/tiryakiler.com.tr\/de\/wp-json\/wp\/v2\/comments?post=10988"}],"version-history":[{"count":0,"href":"https:\/\/tiryakiler.com.tr\/de\/wp-json\/wp\/v2\/pages\/10988\/revisions"}],"wp:attachment":[{"href":"https:\/\/tiryakiler.com.tr\/de\/wp-json\/wp\/v2\/media?parent=10988"}],"curies":[{"name":"wp","href":"https:\/\/api.w.org\/{rel}","templated":true}]}}