{"id":10994,"date":"2023-11-01T21:12:51","date_gmt":"2023-11-01T18:12:51","guid":{"rendered":"https:\/\/tiryakiler.com.tr\/soziale-verantwortung-des-unternehmens\/"},"modified":"2023-11-01T21:12:52","modified_gmt":"2023-11-01T18:12:52","slug":"soziale-verantwortung-des-unternehmens","status":"publish","type":"page","link":"https:\/\/tiryakiler.com.tr\/de\/soziale-verantwortung-des-unternehmens\/","title":{"rendered":"Soziale Verantwortung des Unternehmens"},"content":{"rendered":"\t\t<div data-elementor-type=\"wp-page\" data-elementor-id=\"10994\" class=\"elementor elementor-10994 elementor-8726\" data-elementor-settings=\"[]\">\n\t\t\t\t\t\t\t<div class=\"elementor-section-wrap\">\n\t\t\t\t\t\t\t<section class=\"elementor-section elementor-top-section elementor-element elementor-element-f779cab elementor-section-boxed elementor-section-height-default elementor-section-height-default\" data-id=\"f779cab\" data-element_type=\"section\" data-settings=\"{&quot;background_background&quot;:&quot;classic&quot;}\">\n\t\t\t\t\t\t<div class=\"elementor-container elementor-column-gap-default\">\n\t\t\t\t\t<div class=\"elementor-column elementor-col-100 elementor-top-column elementor-element elementor-element-65dd494\" data-id=\"65dd494\" data-element_type=\"column\">\n\t\t\t<div class=\"elementor-widget-wrap elementor-element-populated\">\n\t\t\t\t\t\t\t\t<div class=\"elementor-element elementor-element-6876eec elementor-widget elementor-widget-woocommerce-breadcrumb\" data-id=\"6876eec\" data-element_type=\"widget\" data-widget_type=\"woocommerce-breadcrumb.default\">\n\t\t\t\t<div class=\"elementor-widget-container\">\n\t\t\t<nav class=\"woocommerce-breadcrumb\" aria-label=\"Breadcrumb\">Home<\/nav>\t\t<\/div>\n\t\t\t\t<\/div>\n\t\t\t\t\t<\/div>\n\t\t<\/div>\n\t\t\t\t\t\t\t<\/div>\n\t\t<\/section>\n\t\t\t\t<section class=\"elementor-section elementor-top-section elementor-element elementor-element-92a9a07 elementor-section-boxed elementor-section-height-default elementor-section-height-default\" data-id=\"92a9a07\" data-element_type=\"section\">\n\t\t\t\t\t\t<div class=\"elementor-container elementor-column-gap-default\">\n\t\t\t\t\t<div class=\"elementor-column elementor-col-100 elementor-top-column elementor-element elementor-element-df08d77\" data-id=\"df08d77\" data-element_type=\"column\">\n\t\t\t<div class=\"elementor-widget-wrap elementor-element-populated\">\n\t\t\t\t\t\t\t\t<div class=\"elementor-element elementor-element-df4f676 elementor-widget elementor-widget-text-editor\" data-id=\"df4f676\" data-element_type=\"widget\" data-widget_type=\"text-editor.default\">\n\t\t\t\t<div class=\"elementor-widget-container\">\n\t\t\t<style>\/*! elementor - v3.5.3 - 28-12-2021 *\/\n.elementor-widget-text-editor.elementor-drop-cap-view-stacked .elementor-drop-cap{background-color:#818a91;color:#fff}.elementor-widget-text-editor.elementor-drop-cap-view-framed .elementor-drop-cap{color:#818a91;border:3px solid;background-color:transparent}.elementor-widget-text-editor:not(.elementor-drop-cap-view-default) .elementor-drop-cap{margin-top:8px}.elementor-widget-text-editor:not(.elementor-drop-cap-view-default) .elementor-drop-cap-letter{width:1em;height:1em}.elementor-widget-text-editor .elementor-drop-cap{float:left;text-align:center;line-height:1;font-size:50px}.elementor-widget-text-editor .elementor-drop-cap-letter{display:inline-block}<\/style>\t\t\t\t<p>Tirsan Kardan handelt mit der \u00dcberzeugung, mit all seiner Energie und seinen Ressourcen auf der Grundlage universeller Werte Vorteile f\u00fcr seine Stakeholder, die Umwelt, die Gesellschaft und die Menschheit zu schaffen.<br>Im Bewusstsein seiner sozialen, \u00f6kologischen und wirtschaftlichen Verantwortung gegen\u00fcber allen seinen Stakeholdern \u00fcbernimmt das Unternehmen Aktivit\u00e4ten zur sozialen Verantwortung, um nachhaltige und langfristige Beitr\u00e4ge zu leisten.<\/p>\n<p>Tirsan Kardan, als Teil der Tiryakiler-Unternehmensgruppe;<\/p>\n<p>&#8211; Um das Gesetz zu respektieren,<br>&#8211; Durchf\u00fchrung nachhaltiger Aktivit\u00e4ten,<br>&#8211; Faires Vorgehen, Transparenz, Ehrlichkeit und Respekt als ethische Werte zu \u00fcbernehmen,<br>&#8211; Als Organisation, deren Ziel es ist, einen Mehrwert zu schaffen und allen ihren Stakeholdern Vorteile zu bieten, und die den Grundsatz \u00fcbernommen hat, zu diesem Zweck Richtlinien zu entwickeln, priorisiert sie Aktivit\u00e4ten zur sozialen Verantwortung, die auf der Grundlage dieses Verst\u00e4ndnisses entwickelt werden.<\/p>\n<p>Tirsan Kardan \u00fcbt seine Corporate-Social-Responsibility-Aktivit\u00e4ten unter den \u00dcberschriften sozialer, \u00f6kologischer und wirtschaftlicher Verantwortung aus, um Nachhaltigkeits- und Entwicklungszielen zu dienen.<\/p>\t\t\t\t\t\t<\/div>\n\t\t\t\t<\/div>\n\t\t\t\t\t<\/div>\n\t\t<\/div>\n\t\t\t\t\t\t\t<\/div>\n\t\t<\/section>\n\t\t\t\t<section class=\"elementor-section elementor-top-section elementor-element elementor-element-9958d5f elementor-section-boxed elementor-section-height-default elementor-section-height-default\" data-id=\"9958d5f\" data-element_type=\"section\" id=\"sosyal-sorumluluk-accordion\">\n\t\t\t\t\t\t<div class=\"elementor-container elementor-column-gap-default\">\n\t\t\t\t\t<div class=\"elementor-column elementor-col-33 elementor-top-column elementor-element elementor-element-d7f351d sosyal-sorumluluk-accordion\" data-id=\"d7f351d\" data-element_type=\"column\">\n\t\t\t<div class=\"elementor-widget-wrap elementor-element-populated\">\n\t\t\t\t\t\t\t\t<div class=\"elementor-element elementor-element-892ba46 kurumsal-accordion elementor-widget elementor-widget-accordion\" data-id=\"892ba46\" data-element_type=\"widget\" data-widget_type=\"accordion.default\">\n\t\t\t\t<div class=\"elementor-widget-container\">\n\t\t\t<style>\/*! elementor - v3.5.3 - 28-12-2021 *\/\n.elementor-accordion{text-align:left}.elementor-accordion .elementor-accordion-item{border:1px solid #d4d4d4}.elementor-accordion .elementor-accordion-item+.elementor-accordion-item{border-top:none}.elementor-accordion .elementor-tab-title{margin:0;padding:15px 20px;font-weight:700;line-height:1;cursor:pointer;outline:none}.elementor-accordion .elementor-tab-title .elementor-accordion-icon{display:inline-block;width:1.5em}.elementor-accordion .elementor-tab-title .elementor-accordion-icon svg{width:1em;height:1em}.elementor-accordion .elementor-tab-title .elementor-accordion-icon.elementor-accordion-icon-right{float:right;text-align:right}.elementor-accordion .elementor-tab-title .elementor-accordion-icon.elementor-accordion-icon-left{float:left;text-align:left}.elementor-accordion .elementor-tab-title .elementor-accordion-icon .elementor-accordion-icon-closed{display:block}.elementor-accordion .elementor-tab-title .elementor-accordion-icon .elementor-accordion-icon-opened,.elementor-accordion .elementor-tab-title.elementor-active .elementor-accordion-icon-closed{display:none}.elementor-accordion .elementor-tab-title.elementor-active .elementor-accordion-icon-opened{display:block}.elementor-accordion .elementor-tab-content{display:none;padding:15px 20px;border-top:1px solid #d4d4d4}@media (max-width:767px){.elementor-accordion .elementor-tab-title{padding:12px 15px}.elementor-accordion .elementor-tab-title .elementor-accordion-icon{width:1.2em}.elementor-accordion .elementor-tab-content{padding:7px 15px}}<\/style>\t\t<div class=\"elementor-accordion\" role=\"tablist\">\n\t\t\t\t\t\t\t<div class=\"elementor-accordion-item\">\n\t\t\t\t\t<div id=\"elementor-tab-title-1431\" class=\"elementor-tab-title\" data-tab=\"1\" role=\"tab\" aria-controls=\"elementor-tab-content-1431\" aria-expanded=\"false\">\n\t\t\t\t\t\t\t\t\t\t\t\t\t<span class=\"elementor-accordion-icon elementor-accordion-icon-right\" aria-hidden=\"true\">\n\t\t\t\t\t\t\t\t\t\t\t\t\t\t\t<span class=\"elementor-accordion-icon-closed\"><i class=\"fas fa-plus\"><\/i><\/span>\n\t\t\t\t\t\t\t\t<span class=\"elementor-accordion-icon-opened\"><i class=\"fas fa-minus\"><\/i><\/span>\n\t\t\t\t\t\t\t\t\t\t\t\t\t\t<\/span>\n\t\t\t\t\t\t\t\t\t\t\t\t<a class=\"elementor-accordion-title\" href=\"\">Gesellschaft<\/a>\n\t\t\t\t\t<\/div>\n\t\t\t\t\t<div id=\"elementor-tab-content-1431\" class=\"elementor-tab-content elementor-clearfix\" data-tab=\"1\" role=\"tabpanel\" aria-labelledby=\"elementor-tab-title-1431\"><p>Tirsan Kardan f\u00fchrt seine Aktivit\u00e4ten zur sozialen Verantwortung aus, um der Gesellschaft nachhaltige Vorteile zu bieten, zun\u00e4chst der Region, in der es seine kommerziellen Aktivit\u00e4ten aus\u00fcbt, und dann der Gesellschaft als Ganzes, da es sich seiner Verantwortung bewusst ist.<\/p>\n<\/div>\n\t\t\t\t<\/div>\n\t\t\t\t\t\t\t\t<\/div>\n\t\t\t\t<\/div>\n\t\t\t\t<\/div>\n\t\t\t\t\t<\/div>\n\t\t<\/div>\n\t\t\t\t<div class=\"elementor-column elementor-col-33 elementor-top-column elementor-element elementor-element-e129be1\" data-id=\"e129be1\" data-element_type=\"column\">\n\t\t\t<div class=\"elementor-widget-wrap elementor-element-populated\">\n\t\t\t\t\t\t\t\t<div class=\"elementor-element elementor-element-4ff4d05 kurumsal-accordion elementor-widget elementor-widget-accordion\" data-id=\"4ff4d05\" data-element_type=\"widget\" data-widget_type=\"accordion.default\">\n\t\t\t\t<div class=\"elementor-widget-container\">\n\t\t\t\t\t<div class=\"elementor-accordion\" role=\"tablist\">\n\t\t\t\t\t\t\t<div class=\"elementor-accordion-item\">\n\t\t\t\t\t<div id=\"elementor-tab-title-8381\" class=\"elementor-tab-title\" data-tab=\"1\" role=\"tab\" aria-controls=\"elementor-tab-content-8381\" aria-expanded=\"false\">\n\t\t\t\t\t\t\t\t\t\t\t\t\t<span class=\"elementor-accordion-icon elementor-accordion-icon-right\" aria-hidden=\"true\">\n\t\t\t\t\t\t\t\t\t\t\t\t\t\t\t<span class=\"elementor-accordion-icon-closed\"><i class=\"fas fa-plus\"><\/i><\/span>\n\t\t\t\t\t\t\t\t<span class=\"elementor-accordion-icon-opened\"><i class=\"fas fa-minus\"><\/i><\/span>\n\t\t\t\t\t\t\t\t\t\t\t\t\t\t<\/span>\n\t\t\t\t\t\t\t\t\t\t\t\t<a class=\"elementor-accordion-title\" href=\"\">Umfeld<\/a>\n\t\t\t\t\t<\/div>\n\t\t\t\t\t<div id=\"elementor-tab-content-8381\" class=\"elementor-tab-content elementor-clearfix\" data-tab=\"1\" role=\"tabpanel\" aria-labelledby=\"elementor-tab-title-8381\"><p>Tirsan Kardan wendet bei der Durchf\u00fchrung seiner wirtschaftlichen Investitionen und Produktionsaktivit\u00e4ten umweltfreundliche Praktiken an. Es spielt eine aktive Rolle bei der Reduzierung der Umweltbelastung durch die Schonung nat\u00fcrlicher Ressourcen, die Reduzierung des CO2-Fu\u00dfabdrucks, die kontinuierliche \u00dcberwachung von Emissionen und Abfallmanagementprojekte.<\/p>\n<p>Tirsan Kardan, das seine Gesch\u00e4ftsmodelle mit einem umweltfreundlichen Ansatz umsetzt, arbeitet mit diesem Bewusstsein in allen Bereichen, vom Produktionsstandort bis zu den Verwaltungsb\u00fcros.<\/p>\n<p>Sie setzt nachhaltige Umweltprojekte um mit dem Ziel, k\u00fcnftigen Generationen eine saubere und lebenswerte Zukunft zu hinterlassen.<\/p>\n<\/div>\n\t\t\t\t<\/div>\n\t\t\t\t\t\t\t\t<\/div>\n\t\t\t\t<\/div>\n\t\t\t\t<\/div>\n\t\t\t\t\t<\/div>\n\t\t<\/div>\n\t\t\t\t<div class=\"elementor-column elementor-col-33 elementor-top-column elementor-element elementor-element-4069b9c\" data-id=\"4069b9c\" data-element_type=\"column\">\n\t\t\t<div class=\"elementor-widget-wrap elementor-element-populated\">\n\t\t\t\t\t\t\t\t<div class=\"elementor-element elementor-element-58042ad kurumsal-accordion elementor-widget elementor-widget-accordion\" data-id=\"58042ad\" data-element_type=\"widget\" data-widget_type=\"accordion.default\">\n\t\t\t\t<div class=\"elementor-widget-container\">\n\t\t\t\t\t<div class=\"elementor-accordion\" role=\"tablist\">\n\t\t\t\t\t\t\t<div class=\"elementor-accordion-item\">\n\t\t\t\t\t<div id=\"elementor-tab-title-9221\" class=\"elementor-tab-title\" data-tab=\"1\" role=\"tab\" aria-controls=\"elementor-tab-content-9221\" aria-expanded=\"false\">\n\t\t\t\t\t\t\t\t\t\t\t\t\t<span class=\"elementor-accordion-icon elementor-accordion-icon-right\" aria-hidden=\"true\">\n\t\t\t\t\t\t\t\t\t\t\t\t\t\t\t<span class=\"elementor-accordion-icon-closed\"><i class=\"fas fa-plus\"><\/i><\/span>\n\t\t\t\t\t\t\t\t<span class=\"elementor-accordion-icon-opened\"><i class=\"fas fa-minus\"><\/i><\/span>\n\t\t\t\t\t\t\t\t\t\t\t\t\t\t<\/span>\n\t\t\t\t\t\t\t\t\t\t\t\t<a class=\"elementor-accordion-title\" href=\"\">Wirtschaft<\/a>\n\t\t\t\t\t<\/div>\n\t\t\t\t\t<div id=\"elementor-tab-content-9221\" class=\"elementor-tab-content elementor-clearfix\" data-tab=\"1\" role=\"tabpanel\" aria-labelledby=\"elementor-tab-title-9221\"><p>Tirsan Kardan m\u00f6chte durch nachhaltiges Wirtschaftswachstum zum Wohlergehen der Gesellschaft und der Umwelt beitragen. Tirsan Kardan setzt seine Finanzinvestitionen mit einem Verst\u00e4ndnis f\u00fcr integratives Wachstum fort und tr\u00e4gt in erster Linie zur wirtschaftlichen Entwicklung der Region bei, indem es den Menschen in der Region, in der es t\u00e4tig ist, Arbeitspl\u00e4tze bietet.<\/p>\n<\/div>\n\t\t\t\t<\/div>\n\t\t\t\t\t\t\t\t\t\t<script type=\"application\/ld+json\">{\"@context\":\"https:\\\/\\\/schema.org\",\"@type\":\"FAQPage\",\"mainEntity\":[{\"@type\":\"Question\",\"name\":\"Wirtschaft\",\"acceptedAnswer\":{\"@type\":\"Answer\",\"text\":\"<p>Tirsan Kardan m\\u00f6chte durch nachhaltiges Wirtschaftswachstum zum Wohlergehen der Gesellschaft und der Umwelt beitragen. Tirsan Kardan setzt seine Finanzinvestitionen mit einem Verst\\u00e4ndnis f\\u00fcr integratives Wachstum fort und tr\\u00e4gt in erster Linie zur wirtschaftlichen Entwicklung der Region bei, indem es den Menschen in der Region, in der es t\\u00e4tig ist, Arbeitspl\\u00e4tze bietet.<\\\/p>\\n\"}}]}<\/script>\n\t\t\t\t\t<\/div>\n\t\t\t\t<\/div>\n\t\t\t\t<\/div>\n\t\t\t\t\t<\/div>\n\t\t<\/div>\n\t\t\t\t\t\t\t<\/div>\n\t\t<\/section>\n\t\t\t\t\t\t<\/div>\n\t\t\t\t\t<\/div>\n\t\t","protected":false},"excerpt":{"rendered":"<p>Tirsan Kardan handelt mit der \u00dcberzeugung, mit all seiner Energie und seinen Ressourcen auf der Grundlage universeller Werte&#8230;<\/p>\n","protected":false},"author":9,"featured_media":0,"parent":0,"menu_order":0,"comment_status":"closed","ping_status":"closed","template":"elementor_header_footer","meta":{"_acf_changed":false,"footnotes":""},"class_list":["post-10994","page","type-page","status-publish","hentry"],"acf":[],"yoast_head":"<!-- This site is optimized with the Yoast SEO plugin v22.2 - https:\/\/yoast.com\/wordpress\/plugins\/seo\/ -->\n<title>Soziale Verantwortung des Unternehmens - Tiryakiler<\/title>\n<meta name=\"robots\" content=\"noindex, follow, max-snippet:-1, max-image-preview:large, max-video-preview:-1\" \/>\n<meta property=\"og:locale\" content=\"de_DE\" \/>\n<meta property=\"og:type\" content=\"article\" \/>\n<meta property=\"og:title\" content=\"Soziale Verantwortung des Unternehmens - Tiryakiler\" \/>\n<meta property=\"og:description\" content=\"Tirsan Kardan handelt mit der \u00dcberzeugung, mit all seiner Energie und seinen Ressourcen auf der Grundlage universeller Werte...\" \/>\n<meta property=\"og:url\" content=\"https:\/\/tiryakiler.com.tr\/de\/soziale-verantwortung-des-unternehmens\/\" \/>\n<meta property=\"og:site_name\" content=\"Tiryakiler\" \/>\n<meta property=\"article:modified_time\" content=\"2023-11-01T18:12:52+00:00\" \/>\n<meta name=\"twitter:card\" content=\"summary_large_image\" \/>\n<meta name=\"twitter:label1\" content=\"Gesch\u00e4tzte Lesezeit\" \/>\n\t<meta name=\"twitter:data1\" content=\"2\u00a0Minuten\" \/>\n<script type=\"application\/ld+json\" class=\"yoast-schema-graph\">{\"@context\":\"https:\/\/schema.org\",\"@graph\":[{\"@type\":\"WebPage\",\"@id\":\"https:\/\/tiryakiler.com.tr\/de\/soziale-verantwortung-des-unternehmens\/\",\"url\":\"https:\/\/tiryakiler.com.tr\/de\/soziale-verantwortung-des-unternehmens\/\",\"name\":\"Soziale Verantwortung des Unternehmens - Tiryakiler\",\"isPartOf\":{\"@id\":\"https:\/\/tiryakiler.com.tr\/de\/#website\"},\"datePublished\":\"2023-11-01T18:12:51+00:00\",\"dateModified\":\"2023-11-01T18:12:52+00:00\",\"breadcrumb\":{\"@id\":\"https:\/\/tiryakiler.com.tr\/de\/soziale-verantwortung-des-unternehmens\/#breadcrumb\"},\"inLanguage\":\"de\",\"potentialAction\":[{\"@type\":\"ReadAction\",\"target\":[\"https:\/\/tiryakiler.com.tr\/de\/soziale-verantwortung-des-unternehmens\/\"]}]},{\"@type\":\"BreadcrumbList\",\"@id\":\"https:\/\/tiryakiler.com.tr\/de\/soziale-verantwortung-des-unternehmens\/#breadcrumb\",\"itemListElement\":[{\"@type\":\"ListItem\",\"position\":1,\"name\":\"Anasayfa\",\"item\":\"https:\/\/tiryakiler.com.tr\/de\/\"},{\"@type\":\"ListItem\",\"position\":2,\"name\":\"Soziale Verantwortung des Unternehmens\"}]},{\"@type\":\"WebSite\",\"@id\":\"https:\/\/tiryakiler.com.tr\/de\/#website\",\"url\":\"https:\/\/tiryakiler.com.tr\/de\/\",\"name\":\"Tiryakiler\",\"description\":\"\",\"publisher\":{\"@id\":\"https:\/\/tiryakiler.com.tr\/de\/#organization\"},\"potentialAction\":[{\"@type\":\"SearchAction\",\"target\":{\"@type\":\"EntryPoint\",\"urlTemplate\":\"https:\/\/tiryakiler.com.tr\/de\/?s={search_term_string}\"},\"query-input\":\"required name=search_term_string\"}],\"inLanguage\":\"de\"},{\"@type\":\"Organization\",\"@id\":\"https:\/\/tiryakiler.com.tr\/de\/#organization\",\"name\":\"Tirsan Kardan A\u015e\",\"url\":\"https:\/\/tiryakiler.com.tr\/de\/\",\"logo\":{\"@type\":\"ImageObject\",\"inLanguage\":\"de\",\"@id\":\"https:\/\/tiryakiler.com.tr\/de\/#\/schema\/logo\/image\/\",\"url\":\"https:\/\/tiryakiler.com.tr\/wp-content\/uploads\/2018\/07\/logo.png\",\"contentUrl\":\"https:\/\/tiryakiler.com.tr\/wp-content\/uploads\/2018\/07\/logo.png\",\"width\":314,\"height\":69,\"caption\":\"Tirsan Kardan A\u015e\"},\"image\":{\"@id\":\"https:\/\/tiryakiler.com.tr\/de\/#\/schema\/logo\/image\/\"}}]}<\/script>\n<!-- \/ Yoast SEO plugin. -->","yoast_head_json":{"title":"Soziale Verantwortung des Unternehmens - Tiryakiler","robots":{"index":"noindex","follow":"follow","max-snippet":"max-snippet:-1","max-image-preview":"max-image-preview:large","max-video-preview":"max-video-preview:-1"},"og_locale":"de_DE","og_type":"article","og_title":"Soziale Verantwortung des Unternehmens - Tiryakiler","og_description":"Tirsan Kardan handelt mit der \u00dcberzeugung, mit all seiner Energie und seinen Ressourcen auf der Grundlage universeller Werte...","og_url":"https:\/\/tiryakiler.com.tr\/de\/soziale-verantwortung-des-unternehmens\/","og_site_name":"Tiryakiler","article_modified_time":"2023-11-01T18:12:52+00:00","twitter_card":"summary_large_image","twitter_misc":{"Gesch\u00e4tzte Lesezeit":"2\u00a0Minuten"},"schema":{"@context":"https:\/\/schema.org","@graph":[{"@type":"WebPage","@id":"https:\/\/tiryakiler.com.tr\/de\/soziale-verantwortung-des-unternehmens\/","url":"https:\/\/tiryakiler.com.tr\/de\/soziale-verantwortung-des-unternehmens\/","name":"Soziale Verantwortung des Unternehmens - Tiryakiler","isPartOf":{"@id":"https:\/\/tiryakiler.com.tr\/de\/#website"},"datePublished":"2023-11-01T18:12:51+00:00","dateModified":"2023-11-01T18:12:52+00:00","breadcrumb":{"@id":"https:\/\/tiryakiler.com.tr\/de\/soziale-verantwortung-des-unternehmens\/#breadcrumb"},"inLanguage":"de","potentialAction":[{"@type":"ReadAction","target":["https:\/\/tiryakiler.com.tr\/de\/soziale-verantwortung-des-unternehmens\/"]}]},{"@type":"BreadcrumbList","@id":"https:\/\/tiryakiler.com.tr\/de\/soziale-verantwortung-des-unternehmens\/#breadcrumb","itemListElement":[{"@type":"ListItem","position":1,"name":"Anasayfa","item":"https:\/\/tiryakiler.com.tr\/de\/"},{"@type":"ListItem","position":2,"name":"Soziale Verantwortung des Unternehmens"}]},{"@type":"WebSite","@id":"https:\/\/tiryakiler.com.tr\/de\/#website","url":"https:\/\/tiryakiler.com.tr\/de\/","name":"Tiryakiler","description":"","publisher":{"@id":"https:\/\/tiryakiler.com.tr\/de\/#organization"},"potentialAction":[{"@type":"SearchAction","target":{"@type":"EntryPoint","urlTemplate":"https:\/\/tiryakiler.com.tr\/de\/?s={search_term_string}"},"query-input":"required name=search_term_string"}],"inLanguage":"de"},{"@type":"Organization","@id":"https:\/\/tiryakiler.com.tr\/de\/#organization","name":"Tirsan Kardan A\u015e","url":"https:\/\/tiryakiler.com.tr\/de\/","logo":{"@type":"ImageObject","inLanguage":"de","@id":"https:\/\/tiryakiler.com.tr\/de\/#\/schema\/logo\/image\/","url":"https:\/\/tiryakiler.com.tr\/wp-content\/uploads\/2018\/07\/logo.png","contentUrl":"https:\/\/tiryakiler.com.tr\/wp-content\/uploads\/2018\/07\/logo.png","width":314,"height":69,"caption":"Tirsan Kardan A\u015e"},"image":{"@id":"https:\/\/tiryakiler.com.tr\/de\/#\/schema\/logo\/image\/"}}]}},"_links":{"self":[{"href":"https:\/\/tiryakiler.com.tr\/de\/wp-json\/wp\/v2\/pages\/10994","targetHints":{"allow":["GET"]}}],"collection":[{"href":"https:\/\/tiryakiler.com.tr\/de\/wp-json\/wp\/v2\/pages"}],"about":[{"href":"https:\/\/tiryakiler.com.tr\/de\/wp-json\/wp\/v2\/types\/page"}],"author":[{"embeddable":true,"href":"https:\/\/tiryakiler.com.tr\/de\/wp-json\/wp\/v2\/users\/9"}],"replies":[{"embeddable":true,"href":"https:\/\/tiryakiler.com.tr\/de\/wp-json\/wp\/v2\/comments?post=10994"}],"version-history":[{"count":0,"href":"https:\/\/tiryakiler.com.tr\/de\/wp-json\/wp\/v2\/pages\/10994\/revisions"}],"wp:attachment":[{"href":"https:\/\/tiryakiler.com.tr\/de\/wp-json\/wp\/v2\/media?parent=10994"}],"curies":[{"name":"wp","href":"https:\/\/api.w.org\/{rel}","templated":true}]}}