{"id":5178,"date":"2021-10-14T11:50:03","date_gmt":"2021-10-14T08:50:03","guid":{"rendered":"https:\/\/tiryakiler.com.tr\/unsere-fuehrungskraefte\/"},"modified":"2023-11-17T10:53:39","modified_gmt":"2023-11-17T07:53:39","slug":"vorstand","status":"publish","type":"page","link":"https:\/\/tiryakiler.com.tr\/de\/vorstand\/","title":{"rendered":"Vorstand"},"content":{"rendered":"\t\t<div data-elementor-type=\"wp-post\" data-elementor-id=\"5178\" class=\"elementor elementor-5178 elementor-2047\" data-elementor-settings=\"[]\">\n\t\t\t\t\t\t\t<div class=\"elementor-section-wrap\">\n\t\t\t\t\t\t\t<section class=\"elementor-section elementor-top-section elementor-element elementor-element-bc46352 elementor-section-boxed elementor-section-height-default elementor-section-height-default\" data-id=\"bc46352\" data-element_type=\"section\">\n\t\t\t\t\t\t<div class=\"elementor-container elementor-column-gap-default\">\n\t\t\t\t\t<div class=\"elementor-column elementor-col-100 elementor-top-column elementor-element elementor-element-a2f5110\" data-id=\"a2f5110\" data-element_type=\"column\">\n\t\t\t<div class=\"elementor-widget-wrap elementor-element-populated\">\n\t\t\t\t\t\t\t\t<div class=\"elementor-element elementor-element-d9d32fe elementor-widget elementor-widget-spacer\" data-id=\"d9d32fe\" data-element_type=\"widget\" data-widget_type=\"spacer.default\">\n\t\t\t\t<div class=\"elementor-widget-container\">\n\t\t\t<style>\/*! elementor - v3.6.4 - 13-04-2022 *\/\n.e-container.e-container--row .elementor-spacer-inner{width:var(--spacer-size)}.e-container.e-container--column .elementor-spacer-inner,.elementor-column .elementor-spacer-inner{height:var(--spacer-size)}<\/style>\t\t<div class=\"elementor-spacer\">\n\t\t\t<div class=\"elementor-spacer-inner\"><\/div>\n\t\t<\/div>\n\t\t\t\t<\/div>\n\t\t\t\t<\/div>\n\t\t\t\t<div class=\"elementor-element elementor-element-949abd7 elementor-widget elementor-widget-heading\" data-id=\"949abd7\" data-element_type=\"widget\" data-widget_type=\"heading.default\">\n\t\t\t\t<div class=\"elementor-widget-container\">\n\t\t\t<style>\/*! elementor - v3.5.3 - 28-12-2021 *\/\n.elementor-heading-title{padding:0;margin:0;line-height:1}.elementor-widget-heading .elementor-heading-title[class*=elementor-size-]>a{color:inherit;font-size:inherit;line-height:inherit}.elementor-widget-heading .elementor-heading-title.elementor-size-small{font-size:15px}.elementor-widget-heading .elementor-heading-title.elementor-size-medium{font-size:19px}.elementor-widget-heading .elementor-heading-title.elementor-size-large{font-size:29px}.elementor-widget-heading .elementor-heading-title.elementor-size-xl{font-size:39px}.elementor-widget-heading .elementor-heading-title.elementor-size-xxl{font-size:59px}<\/style><h2 class=\"elementor-heading-title elementor-size-default elementor-heading-title elementor-size-default elementor-align-after-center\">Tirsan Kardan Verwaltungsratsmitglied<\/h2>\t\t<\/div>\n\t\t\t\t<\/div>\n\t\t\t\t<div class=\"elementor-element elementor-element-5a186ee elementor-widget elementor-widget-shortcode\" data-id=\"5a186ee\" data-element_type=\"widget\" data-widget_type=\"shortcode.default\">\n\t\t\t\t<div class=\"elementor-widget-container\">\n\t\t\t\t\t<div class=\"elementor-shortcode\"><div class=\"tmm tmm_tirsan-kardan-yonetim-kurulumuz-ger\"><div class=\"tmm_3_columns tmm_wrap tmm_theme_f\"><span class=\"tmm_two_containers_tablet\"><\/span><div class=\"tmm_container\"><div class=\"tmm_member\" style=\"border-top:#2e3192 solid 5px;\"><div class=\"tmm_photo tmm_pic_tirsan-kardan-yonetim-kurulumuz-ger_0\" style=\"background: url(https:\/\/tirsankardan.com\/wp-content\/uploads\/2022\/02\/Untitled-1.jpg); margin-left: auto; margin-right:auto; background-size:cover !important;\"><\/div><div class=\"tmm_textblock\"><div class=\"tmm_names\"><span class=\"tmm_fname\">Mehmet<\/span> <span class=\"tmm_lname\">Tiryaki<\/span><\/div><div class=\"tmm_job\"> Pr\u00e4sident des Verwaltungsrates<\/div><div class=\"tmm_scblock\"><\/div><\/div><\/div><div class=\"tmm_member\" style=\"border-top:#2e3192 solid 5px;\"><div class=\"tmm_photo tmm_pic_tirsan-kardan-yonetim-kurulumuz-ger_1\" style=\"background: url(https:\/\/tirsankardan.com\/wp-content\/uploads\/2022\/01\/2.jpg); margin-left: auto; margin-right:auto; background-size:cover !important;\"><\/div><div class=\"tmm_textblock\"><div class=\"tmm_names\"><span class=\"tmm_fname\">Tolga<\/span> <span class=\"tmm_lname\">\u00d6zer<\/span><\/div><div class=\"tmm_job\">Stellvertretender Vorsitzender des Verwaltungsrats - CEO<\/div><div class=\"tmm_scblock\"><\/div><\/div><\/div><span class=\"tmm_two_containers_tablet\"><\/span><div class=\"tmm_member\" style=\"border-top:#2e3192 solid 5px;\"><div class=\"tmm_photo tmm_pic_tirsan-kardan-yonetim-kurulumuz-ger_2\" style=\"background: url(https:\/\/tirsankardan.com\/wp-content\/uploads\/2022\/01\/Untitled-9.jpg); margin-left: auto; margin-right:auto; background-size:cover !important;\"><\/div><div class=\"tmm_textblock\"><div class=\"tmm_names\"><span class=\"tmm_fname\">\u015e\u00fckr\u00fc<\/span> <span class=\"tmm_lname\">TET\u0130K<\/span><\/div><div class=\"tmm_job\">Stellvertretender Vorsitzender des Verwaltungsrats<\/div><div class=\"tmm_scblock\"><\/div><\/div><\/div><\/div><span class=\"tmm_columns_containers_desktop\"><\/span><div class=\"tmm_container\"><div class=\"tmm_member\" style=\"border-top:#2e3192 solid 5px;\"><div class=\"tmm_photo tmm_pic_tirsan-kardan-yonetim-kurulumuz-ger_3\" style=\"background: url(https:\/\/tirsankardan.com\/wp-content\/uploads\/2022\/01\/Untitled-3.jpg); margin-left: auto; margin-right:auto; background-size:cover !important;\"><\/div><div class=\"tmm_textblock\"><div class=\"tmm_names\"><span class=\"tmm_fname\">Beg\u00fcm<\/span> <span class=\"tmm_lname\">Tiryaki Uyulur<\/span><\/div><div class=\"tmm_job\">Vorstandsmitglied<\/div><div class=\"tmm_scblock\"><\/div><\/div><\/div><span class=\"tmm_two_containers_tablet\"><\/span><div class=\"tmm_member\" style=\"border-top:#2e3192 solid 5px;\"><div class=\"tmm_photo tmm_pic_tirsan-kardan-yonetim-kurulumuz-ger_4\" style=\"background: url(https:\/\/tirsankardan.com\/wp-content\/uploads\/2022\/01\/Untitled-6.jpg); margin-left: auto; margin-right:auto; background-size:cover !important;\"><\/div><div class=\"tmm_textblock\"><div class=\"tmm_names\"><span class=\"tmm_fname\">\u0130smail<\/span> <span class=\"tmm_lname\">Tiryaki<\/span><\/div><div class=\"tmm_job\">Vorstandsmitglied<\/div><div class=\"tmm_scblock\"><\/div><\/div><\/div><div class=\"tmm_member\" style=\"border-top:#2e3192 solid 5px;\"><div class=\"tmm_photo tmm_pic_tirsan-kardan-yonetim-kurulumuz-ger_5\" style=\"background: url(https:\/\/tirsankardan.com\/wp-content\/uploads\/2022\/01\/Untitled-11.jpg); margin-left: auto; margin-right:auto; background-size:cover !important;\"><\/div><div class=\"tmm_textblock\"><div class=\"tmm_names\"><span class=\"tmm_fname\">Aksel<\/span> <span class=\"tmm_lname\">G\u00dcRKAN<\/span><\/div><div class=\"tmm_job\">Vorstandsmitglied<\/div><div class=\"tmm_scblock\"><\/div><\/div><\/div><div style=\"clear:both;\"><\/div><\/div><\/div><\/div>\n<\/div>\n\t\t\t\t<\/div>\n\t\t\t\t<\/div>\n\t\t\t\t\t<\/div>\n\t\t<\/div>\n\t\t\t\t\t\t\t<\/div>\n\t\t<\/section>\n\t\t\t\t\t\t<\/div>\n\t\t\t\t\t<\/div>\n\t\t","protected":false},"excerpt":{"rendered":"<p>Tirsan Kardan Verwaltungsratsmitglied<\/p>\n","protected":false},"author":10,"featured_media":0,"parent":0,"menu_order":0,"comment_status":"closed","ping_status":"closed","template":"elementor_header_footer","meta":{"_acf_changed":false,"footnotes":""},"class_list":["post-5178","page","type-page","status-publish","hentry"],"acf":[],"yoast_head":"<!-- This site is optimized with the Yoast SEO plugin v22.2 - https:\/\/yoast.com\/wordpress\/plugins\/seo\/ -->\n<title>Vorstand - Tiryakiler<\/title>\n<meta name=\"robots\" content=\"noindex, follow, max-snippet:-1, max-image-preview:large, max-video-preview:-1\" \/>\n<meta property=\"og:locale\" content=\"de_DE\" \/>\n<meta property=\"og:type\" content=\"article\" \/>\n<meta property=\"og:title\" content=\"Vorstand - Tiryakiler\" \/>\n<meta property=\"og:description\" content=\"Tirsan Kardan Verwaltungsratsmitglied\" \/>\n<meta property=\"og:url\" content=\"https:\/\/tiryakiler.com.tr\/de\/vorstand\/\" \/>\n<meta property=\"og:site_name\" content=\"Tiryakiler\" \/>\n<meta property=\"article:modified_time\" content=\"2023-11-17T07:53:39+00:00\" \/>\n<meta name=\"twitter:card\" content=\"summary_large_image\" \/>\n<meta name=\"twitter:label1\" content=\"Gesch\u00e4tzte Lesezeit\" \/>\n\t<meta name=\"twitter:data1\" content=\"1\u00a0Minute\" \/>\n<script type=\"application\/ld+json\" class=\"yoast-schema-graph\">{\"@context\":\"https:\/\/schema.org\",\"@graph\":[{\"@type\":\"WebPage\",\"@id\":\"https:\/\/tiryakiler.com.tr\/de\/vorstand\/\",\"url\":\"https:\/\/tiryakiler.com.tr\/de\/vorstand\/\",\"name\":\"Vorstand - Tiryakiler\",\"isPartOf\":{\"@id\":\"https:\/\/tiryakiler.com.tr\/de\/#website\"},\"datePublished\":\"2021-10-14T08:50:03+00:00\",\"dateModified\":\"2023-11-17T07:53:39+00:00\",\"breadcrumb\":{\"@id\":\"https:\/\/tiryakiler.com.tr\/de\/vorstand\/#breadcrumb\"},\"inLanguage\":\"de\",\"potentialAction\":[{\"@type\":\"ReadAction\",\"target\":[\"https:\/\/tiryakiler.com.tr\/de\/vorstand\/\"]}]},{\"@type\":\"BreadcrumbList\",\"@id\":\"https:\/\/tiryakiler.com.tr\/de\/vorstand\/#breadcrumb\",\"itemListElement\":[{\"@type\":\"ListItem\",\"position\":1,\"name\":\"Anasayfa\",\"item\":\"https:\/\/tiryakiler.com.tr\/de\/\"},{\"@type\":\"ListItem\",\"position\":2,\"name\":\"Vorstand\"}]},{\"@type\":\"WebSite\",\"@id\":\"https:\/\/tiryakiler.com.tr\/de\/#website\",\"url\":\"https:\/\/tiryakiler.com.tr\/de\/\",\"name\":\"Tiryakiler\",\"description\":\"\",\"publisher\":{\"@id\":\"https:\/\/tiryakiler.com.tr\/de\/#organization\"},\"potentialAction\":[{\"@type\":\"SearchAction\",\"target\":{\"@type\":\"EntryPoint\",\"urlTemplate\":\"https:\/\/tiryakiler.com.tr\/de\/?s={search_term_string}\"},\"query-input\":\"required name=search_term_string\"}],\"inLanguage\":\"de\"},{\"@type\":\"Organization\",\"@id\":\"https:\/\/tiryakiler.com.tr\/de\/#organization\",\"name\":\"Tirsan Kardan A\u015e\",\"url\":\"https:\/\/tiryakiler.com.tr\/de\/\",\"logo\":{\"@type\":\"ImageObject\",\"inLanguage\":\"de\",\"@id\":\"https:\/\/tiryakiler.com.tr\/de\/#\/schema\/logo\/image\/\",\"url\":\"https:\/\/tiryakiler.com.tr\/wp-content\/uploads\/2018\/07\/logo.png\",\"contentUrl\":\"https:\/\/tiryakiler.com.tr\/wp-content\/uploads\/2018\/07\/logo.png\",\"width\":314,\"height\":69,\"caption\":\"Tirsan Kardan A\u015e\"},\"image\":{\"@id\":\"https:\/\/tiryakiler.com.tr\/de\/#\/schema\/logo\/image\/\"}}]}<\/script>\n<!-- \/ Yoast SEO plugin. -->","yoast_head_json":{"title":"Vorstand - Tiryakiler","robots":{"index":"noindex","follow":"follow","max-snippet":"max-snippet:-1","max-image-preview":"max-image-preview:large","max-video-preview":"max-video-preview:-1"},"og_locale":"de_DE","og_type":"article","og_title":"Vorstand - Tiryakiler","og_description":"Tirsan Kardan Verwaltungsratsmitglied","og_url":"https:\/\/tiryakiler.com.tr\/de\/vorstand\/","og_site_name":"Tiryakiler","article_modified_time":"2023-11-17T07:53:39+00:00","twitter_card":"summary_large_image","twitter_misc":{"Gesch\u00e4tzte Lesezeit":"1\u00a0Minute"},"schema":{"@context":"https:\/\/schema.org","@graph":[{"@type":"WebPage","@id":"https:\/\/tiryakiler.com.tr\/de\/vorstand\/","url":"https:\/\/tiryakiler.com.tr\/de\/vorstand\/","name":"Vorstand - Tiryakiler","isPartOf":{"@id":"https:\/\/tiryakiler.com.tr\/de\/#website"},"datePublished":"2021-10-14T08:50:03+00:00","dateModified":"2023-11-17T07:53:39+00:00","breadcrumb":{"@id":"https:\/\/tiryakiler.com.tr\/de\/vorstand\/#breadcrumb"},"inLanguage":"de","potentialAction":[{"@type":"ReadAction","target":["https:\/\/tiryakiler.com.tr\/de\/vorstand\/"]}]},{"@type":"BreadcrumbList","@id":"https:\/\/tiryakiler.com.tr\/de\/vorstand\/#breadcrumb","itemListElement":[{"@type":"ListItem","position":1,"name":"Anasayfa","item":"https:\/\/tiryakiler.com.tr\/de\/"},{"@type":"ListItem","position":2,"name":"Vorstand"}]},{"@type":"WebSite","@id":"https:\/\/tiryakiler.com.tr\/de\/#website","url":"https:\/\/tiryakiler.com.tr\/de\/","name":"Tiryakiler","description":"","publisher":{"@id":"https:\/\/tiryakiler.com.tr\/de\/#organization"},"potentialAction":[{"@type":"SearchAction","target":{"@type":"EntryPoint","urlTemplate":"https:\/\/tiryakiler.com.tr\/de\/?s={search_term_string}"},"query-input":"required name=search_term_string"}],"inLanguage":"de"},{"@type":"Organization","@id":"https:\/\/tiryakiler.com.tr\/de\/#organization","name":"Tirsan Kardan A\u015e","url":"https:\/\/tiryakiler.com.tr\/de\/","logo":{"@type":"ImageObject","inLanguage":"de","@id":"https:\/\/tiryakiler.com.tr\/de\/#\/schema\/logo\/image\/","url":"https:\/\/tiryakiler.com.tr\/wp-content\/uploads\/2018\/07\/logo.png","contentUrl":"https:\/\/tiryakiler.com.tr\/wp-content\/uploads\/2018\/07\/logo.png","width":314,"height":69,"caption":"Tirsan Kardan A\u015e"},"image":{"@id":"https:\/\/tiryakiler.com.tr\/de\/#\/schema\/logo\/image\/"}}]}},"_links":{"self":[{"href":"https:\/\/tiryakiler.com.tr\/de\/wp-json\/wp\/v2\/pages\/5178","targetHints":{"allow":["GET"]}}],"collection":[{"href":"https:\/\/tiryakiler.com.tr\/de\/wp-json\/wp\/v2\/pages"}],"about":[{"href":"https:\/\/tiryakiler.com.tr\/de\/wp-json\/wp\/v2\/types\/page"}],"author":[{"embeddable":true,"href":"https:\/\/tiryakiler.com.tr\/de\/wp-json\/wp\/v2\/users\/10"}],"replies":[{"embeddable":true,"href":"https:\/\/tiryakiler.com.tr\/de\/wp-json\/wp\/v2\/comments?post=5178"}],"version-history":[{"count":0,"href":"https:\/\/tiryakiler.com.tr\/de\/wp-json\/wp\/v2\/pages\/5178\/revisions"}],"wp:attachment":[{"href":"https:\/\/tiryakiler.com.tr\/de\/wp-json\/wp\/v2\/media?parent=5178"}],"curies":[{"name":"wp","href":"https:\/\/api.w.org\/{rel}","templated":true}]}}