{"id":10996,"date":"2023-11-01T21:15:16","date_gmt":"2023-11-01T18:15:16","guid":{"rendered":"https:\/\/tiryakiler.com.tr\/responsabilita-sociale-dimpresa\/"},"modified":"2023-11-01T21:15:17","modified_gmt":"2023-11-01T18:15:17","slug":"responsabilita-sociale-dimpresa","status":"publish","type":"page","link":"https:\/\/tiryakiler.com.tr\/it\/responsabilita-sociale-dimpresa\/","title":{"rendered":"Responsabilit\u00e0 sociale d&#8217;impresa"},"content":{"rendered":"\t\t<div data-elementor-type=\"wp-page\" data-elementor-id=\"10996\" class=\"elementor elementor-10996 elementor-8726\" data-elementor-settings=\"[]\">\n\t\t\t\t\t\t\t<div class=\"elementor-section-wrap\">\n\t\t\t\t\t\t\t<section class=\"elementor-section elementor-top-section elementor-element elementor-element-f779cab elementor-section-boxed elementor-section-height-default elementor-section-height-default\" data-id=\"f779cab\" data-element_type=\"section\" data-settings=\"{&quot;background_background&quot;:&quot;classic&quot;}\">\n\t\t\t\t\t\t<div class=\"elementor-container elementor-column-gap-default\">\n\t\t\t\t\t<div class=\"elementor-column elementor-col-100 elementor-top-column elementor-element elementor-element-65dd494\" data-id=\"65dd494\" data-element_type=\"column\">\n\t\t\t<div class=\"elementor-widget-wrap elementor-element-populated\">\n\t\t\t\t\t\t\t\t<div class=\"elementor-element elementor-element-6876eec elementor-widget elementor-widget-woocommerce-breadcrumb\" data-id=\"6876eec\" data-element_type=\"widget\" data-widget_type=\"woocommerce-breadcrumb.default\">\n\t\t\t\t<div class=\"elementor-widget-container\">\n\t\t\t<nav class=\"woocommerce-breadcrumb\" aria-label=\"Breadcrumb\">Home<\/nav>\t\t<\/div>\n\t\t\t\t<\/div>\n\t\t\t\t\t<\/div>\n\t\t<\/div>\n\t\t\t\t\t\t\t<\/div>\n\t\t<\/section>\n\t\t\t\t<section class=\"elementor-section elementor-top-section elementor-element elementor-element-92a9a07 elementor-section-boxed elementor-section-height-default elementor-section-height-default\" data-id=\"92a9a07\" data-element_type=\"section\">\n\t\t\t\t\t\t<div class=\"elementor-container elementor-column-gap-default\">\n\t\t\t\t\t<div class=\"elementor-column elementor-col-100 elementor-top-column elementor-element elementor-element-df08d77\" data-id=\"df08d77\" data-element_type=\"column\">\n\t\t\t<div class=\"elementor-widget-wrap elementor-element-populated\">\n\t\t\t\t\t\t\t\t<div class=\"elementor-element elementor-element-df4f676 elementor-widget elementor-widget-text-editor\" data-id=\"df4f676\" data-element_type=\"widget\" data-widget_type=\"text-editor.default\">\n\t\t\t\t<div class=\"elementor-widget-container\">\n\t\t\t<style>\/*! elementor - v3.5.3 - 28-12-2021 *\/\n.elementor-widget-text-editor.elementor-drop-cap-view-stacked .elementor-drop-cap{background-color:#818a91;color:#fff}.elementor-widget-text-editor.elementor-drop-cap-view-framed .elementor-drop-cap{color:#818a91;border:3px solid;background-color:transparent}.elementor-widget-text-editor:not(.elementor-drop-cap-view-default) .elementor-drop-cap{margin-top:8px}.elementor-widget-text-editor:not(.elementor-drop-cap-view-default) .elementor-drop-cap-letter{width:1em;height:1em}.elementor-widget-text-editor .elementor-drop-cap{float:left;text-align:center;line-height:1;font-size:50px}.elementor-widget-text-editor .elementor-drop-cap-letter{display:inline-block}<\/style>\t\t\t\t<p>Tirsan Kardan agisce con la convinzione di fornire benefici ai propri stakeholder, all&#8217;ambiente, alla societ\u00e0 e all&#8217;umanit\u00e0, sulla base di valori universali, con tutte le sue energie e risorse.<br>Con la consapevolezza delle proprie responsabilit\u00e0 sociali, ambientali ed economiche nei confronti di tutti i suoi stakeholder, intraprende attivit\u00e0 di responsabilit\u00e0 sociale al fine di fornire contributi sostenibili a lungo termine.<\/p>\n<p>Tirsan Kardan, come parte del gruppo di societ\u00e0 Tiryakiler;<\/p>\n<p>&#8211; Per rispettare la legge,<br>&#8211; Svolgere attivit\u00e0 sostenibili,<br>&#8211; Adottare un approccio corretto, trasparenza, onest\u00e0 e rispetto come valori etici,<br>&#8211; In quanto organizzazione che mira ad aggiungere valore e fornire benefici a tutti i suoi stakeholder e ha adottato il principio di produrre politiche a tal fine, d\u00e0 priorit\u00e0 alle attivit\u00e0 di responsabilit\u00e0 sociale sviluppate attorno a questa comprensione.<\/p>\n<p>Tirsan Kardan svolge le sue attivit\u00e0 di responsabilit\u00e0 sociale d&#8217;impresa nell&#8217;ambito della responsabilit\u00e0 sociale, ambientale ed economica in modo da servire gli obiettivi di sostenibilit\u00e0 e sviluppo.<\/p>\t\t\t\t\t\t<\/div>\n\t\t\t\t<\/div>\n\t\t\t\t\t<\/div>\n\t\t<\/div>\n\t\t\t\t\t\t\t<\/div>\n\t\t<\/section>\n\t\t\t\t<section class=\"elementor-section elementor-top-section elementor-element elementor-element-9958d5f elementor-section-boxed elementor-section-height-default elementor-section-height-default\" data-id=\"9958d5f\" data-element_type=\"section\" id=\"sosyal-sorumluluk-accordion\">\n\t\t\t\t\t\t<div class=\"elementor-container elementor-column-gap-default\">\n\t\t\t\t\t<div class=\"elementor-column elementor-col-33 elementor-top-column elementor-element elementor-element-d7f351d sosyal-sorumluluk-accordion\" data-id=\"d7f351d\" data-element_type=\"column\">\n\t\t\t<div class=\"elementor-widget-wrap elementor-element-populated\">\n\t\t\t\t\t\t\t\t<div class=\"elementor-element elementor-element-892ba46 kurumsal-accordion elementor-widget elementor-widget-accordion\" data-id=\"892ba46\" data-element_type=\"widget\" data-widget_type=\"accordion.default\">\n\t\t\t\t<div class=\"elementor-widget-container\">\n\t\t\t<style>\/*! elementor - v3.5.3 - 28-12-2021 *\/\n.elementor-accordion{text-align:left}.elementor-accordion .elementor-accordion-item{border:1px solid #d4d4d4}.elementor-accordion .elementor-accordion-item+.elementor-accordion-item{border-top:none}.elementor-accordion .elementor-tab-title{margin:0;padding:15px 20px;font-weight:700;line-height:1;cursor:pointer;outline:none}.elementor-accordion .elementor-tab-title .elementor-accordion-icon{display:inline-block;width:1.5em}.elementor-accordion .elementor-tab-title .elementor-accordion-icon svg{width:1em;height:1em}.elementor-accordion .elementor-tab-title .elementor-accordion-icon.elementor-accordion-icon-right{float:right;text-align:right}.elementor-accordion .elementor-tab-title .elementor-accordion-icon.elementor-accordion-icon-left{float:left;text-align:left}.elementor-accordion .elementor-tab-title .elementor-accordion-icon .elementor-accordion-icon-closed{display:block}.elementor-accordion .elementor-tab-title .elementor-accordion-icon .elementor-accordion-icon-opened,.elementor-accordion .elementor-tab-title.elementor-active .elementor-accordion-icon-closed{display:none}.elementor-accordion .elementor-tab-title.elementor-active .elementor-accordion-icon-opened{display:block}.elementor-accordion .elementor-tab-content{display:none;padding:15px 20px;border-top:1px solid #d4d4d4}@media (max-width:767px){.elementor-accordion .elementor-tab-title{padding:12px 15px}.elementor-accordion .elementor-tab-title .elementor-accordion-icon{width:1.2em}.elementor-accordion .elementor-tab-content{padding:7px 15px}}<\/style>\t\t<div class=\"elementor-accordion\" role=\"tablist\">\n\t\t\t\t\t\t\t<div class=\"elementor-accordion-item\">\n\t\t\t\t\t<div id=\"elementor-tab-title-1431\" class=\"elementor-tab-title\" data-tab=\"1\" role=\"tab\" aria-controls=\"elementor-tab-content-1431\" aria-expanded=\"false\">\n\t\t\t\t\t\t\t\t\t\t\t\t\t<span class=\"elementor-accordion-icon elementor-accordion-icon-right\" aria-hidden=\"true\">\n\t\t\t\t\t\t\t\t\t\t\t\t\t\t\t<span class=\"elementor-accordion-icon-closed\"><i class=\"fas fa-plus\"><\/i><\/span>\n\t\t\t\t\t\t\t\t<span class=\"elementor-accordion-icon-opened\"><i class=\"fas fa-minus\"><\/i><\/span>\n\t\t\t\t\t\t\t\t\t\t\t\t\t\t<\/span>\n\t\t\t\t\t\t\t\t\t\t\t\t<a class=\"elementor-accordion-title\" href=\"\">Societ\u00e0<\/a>\n\t\t\t\t\t<\/div>\n\t\t\t\t\t<div id=\"elementor-tab-content-1431\" class=\"elementor-tab-content elementor-clearfix\" data-tab=\"1\" role=\"tabpanel\" aria-labelledby=\"elementor-tab-title-1431\"><p>Tirsan Kardan svolge le sue attivit\u00e0 di responsabilit\u00e0 sociale al fine di fornire benefici sostenibili alla societ\u00e0, in primo luogo alla regione in cui svolge le proprie attivit\u00e0 commerciali, e poi alla societ\u00e0 nel suo complesso, essendo consapevole delle proprie responsabilit\u00e0.<\/p>\n<\/div>\n\t\t\t\t<\/div>\n\t\t\t\t\t\t\t\t<\/div>\n\t\t\t\t<\/div>\n\t\t\t\t<\/div>\n\t\t\t\t\t<\/div>\n\t\t<\/div>\n\t\t\t\t<div class=\"elementor-column elementor-col-33 elementor-top-column elementor-element elementor-element-e129be1\" data-id=\"e129be1\" data-element_type=\"column\">\n\t\t\t<div class=\"elementor-widget-wrap elementor-element-populated\">\n\t\t\t\t\t\t\t\t<div class=\"elementor-element elementor-element-4ff4d05 kurumsal-accordion elementor-widget elementor-widget-accordion\" data-id=\"4ff4d05\" data-element_type=\"widget\" data-widget_type=\"accordion.default\">\n\t\t\t\t<div class=\"elementor-widget-container\">\n\t\t\t\t\t<div class=\"elementor-accordion\" role=\"tablist\">\n\t\t\t\t\t\t\t<div class=\"elementor-accordion-item\">\n\t\t\t\t\t<div id=\"elementor-tab-title-8381\" class=\"elementor-tab-title\" data-tab=\"1\" role=\"tab\" aria-controls=\"elementor-tab-content-8381\" aria-expanded=\"false\">\n\t\t\t\t\t\t\t\t\t\t\t\t\t<span class=\"elementor-accordion-icon elementor-accordion-icon-right\" aria-hidden=\"true\">\n\t\t\t\t\t\t\t\t\t\t\t\t\t\t\t<span class=\"elementor-accordion-icon-closed\"><i class=\"fas fa-plus\"><\/i><\/span>\n\t\t\t\t\t\t\t\t<span class=\"elementor-accordion-icon-opened\"><i class=\"fas fa-minus\"><\/i><\/span>\n\t\t\t\t\t\t\t\t\t\t\t\t\t\t<\/span>\n\t\t\t\t\t\t\t\t\t\t\t\t<a class=\"elementor-accordion-title\" href=\"\">Ambiente<\/a>\n\t\t\t\t\t<\/div>\n\t\t\t\t\t<div id=\"elementor-tab-content-8381\" class=\"elementor-tab-content elementor-clearfix\" data-tab=\"1\" role=\"tabpanel\" aria-labelledby=\"elementor-tab-title-8381\"><p>Tirsan Kardan adotta pratiche rispettose dell&#8217;ambiente nello svolgimento dei propri investimenti economici e delle attivit\u00e0 produttive. Svolge un ruolo attivo nella riduzione del carico ambientale attraverso la conservazione delle risorse naturali, la riduzione dell\u2019impronta di carbonio, il monitoraggio continuo delle emissioni e progetti di gestione dei rifiuti.<\/p>\n<p>Tirsan Kardan, che porta avanti i propri modelli di business con un approccio rispettoso dell&#8217;ambiente, opera con questa consapevolezza in ogni ambito, dal sito produttivo agli uffici amministrativi.<\/p>\n<p>Realizza progetti ambientali sostenibili con l\u2019obiettivo di lasciare un futuro pulito e vivibile alle generazioni future.<\/p>\n<\/div>\n\t\t\t\t<\/div>\n\t\t\t\t\t\t\t\t<\/div>\n\t\t\t\t<\/div>\n\t\t\t\t<\/div>\n\t\t\t\t\t<\/div>\n\t\t<\/div>\n\t\t\t\t<div class=\"elementor-column elementor-col-33 elementor-top-column elementor-element elementor-element-4069b9c\" data-id=\"4069b9c\" data-element_type=\"column\">\n\t\t\t<div class=\"elementor-widget-wrap elementor-element-populated\">\n\t\t\t\t\t\t\t\t<div class=\"elementor-element elementor-element-58042ad kurumsal-accordion elementor-widget elementor-widget-accordion\" data-id=\"58042ad\" data-element_type=\"widget\" data-widget_type=\"accordion.default\">\n\t\t\t\t<div class=\"elementor-widget-container\">\n\t\t\t\t\t<div class=\"elementor-accordion\" role=\"tablist\">\n\t\t\t\t\t\t\t<div class=\"elementor-accordion-item\">\n\t\t\t\t\t<div id=\"elementor-tab-title-9221\" class=\"elementor-tab-title\" data-tab=\"1\" role=\"tab\" aria-controls=\"elementor-tab-content-9221\" aria-expanded=\"false\">\n\t\t\t\t\t\t\t\t\t\t\t\t\t<span class=\"elementor-accordion-icon elementor-accordion-icon-right\" aria-hidden=\"true\">\n\t\t\t\t\t\t\t\t\t\t\t\t\t\t\t<span class=\"elementor-accordion-icon-closed\"><i class=\"fas fa-plus\"><\/i><\/span>\n\t\t\t\t\t\t\t\t<span class=\"elementor-accordion-icon-opened\"><i class=\"fas fa-minus\"><\/i><\/span>\n\t\t\t\t\t\t\t\t\t\t\t\t\t\t<\/span>\n\t\t\t\t\t\t\t\t\t\t\t\t<a class=\"elementor-accordion-title\" href=\"\">Economia<\/a>\n\t\t\t\t\t<\/div>\n\t\t\t\t\t<div id=\"elementor-tab-content-9221\" class=\"elementor-tab-content elementor-clearfix\" data-tab=\"1\" role=\"tabpanel\" aria-labelledby=\"elementor-tab-title-9221\"><p>Tirsan Kardan mira a contribuire al benessere della societ\u00e0 e dell&#8217;ambiente attraverso una crescita economica sostenibile. Proseguendo i propri investimenti finanziari con l\u2019obiettivo di una crescita inclusiva, Tirsan Kardan contribuisce principalmente allo sviluppo economico della regione fornendo lavoro alla popolazione della regione in cui opera.<\/p>\n<\/div>\n\t\t\t\t<\/div>\n\t\t\t\t\t\t\t\t\t\t<script type=\"application\/ld+json\">{\"@context\":\"https:\\\/\\\/schema.org\",\"@type\":\"FAQPage\",\"mainEntity\":[{\"@type\":\"Question\",\"name\":\"Economia\",\"acceptedAnswer\":{\"@type\":\"Answer\",\"text\":\"<p>Tirsan Kardan mira a contribuire al benessere della societ\\u00e0 e dell&#8217;ambiente attraverso una crescita economica sostenibile. Proseguendo i propri investimenti finanziari con l\\u2019obiettivo di una crescita inclusiva, Tirsan Kardan contribuisce principalmente allo sviluppo economico della regione fornendo lavoro alla popolazione della regione in cui opera.<\\\/p>\\n\"}}]}<\/script>\n\t\t\t\t\t<\/div>\n\t\t\t\t<\/div>\n\t\t\t\t<\/div>\n\t\t\t\t\t<\/div>\n\t\t<\/div>\n\t\t\t\t\t\t\t<\/div>\n\t\t<\/section>\n\t\t\t\t\t\t<\/div>\n\t\t\t\t\t<\/div>\n\t\t","protected":false},"excerpt":{"rendered":"<p>Tirsan Kardan agisce con la convinzione di fornire benefici ai propri stakeholder, all&#8217;ambiente, alla societ\u00e0 e all&#8217;umanit\u00e0, sulla&#8230;<\/p>\n","protected":false},"author":9,"featured_media":0,"parent":0,"menu_order":0,"comment_status":"closed","ping_status":"closed","template":"elementor_header_footer","meta":{"_acf_changed":false,"footnotes":""},"class_list":["post-10996","page","type-page","status-publish","hentry"],"acf":[],"yoast_head":"<!-- This site is optimized with the Yoast SEO plugin v22.2 - https:\/\/yoast.com\/wordpress\/plugins\/seo\/ -->\n<title>Responsabilit\u00e0 sociale d&#039;impresa - Tiryakiler<\/title>\n<meta name=\"robots\" content=\"noindex, follow, max-snippet:-1, max-image-preview:large, max-video-preview:-1\" \/>\n<meta property=\"og:locale\" content=\"it_IT\" \/>\n<meta property=\"og:type\" content=\"article\" \/>\n<meta property=\"og:title\" content=\"Responsabilit\u00e0 sociale d&#039;impresa - Tiryakiler\" \/>\n<meta property=\"og:description\" content=\"Tirsan Kardan agisce con la convinzione di fornire benefici ai propri stakeholder, all&#8217;ambiente, alla societ\u00e0 e all&#8217;umanit\u00e0, sulla...\" \/>\n<meta property=\"og:url\" content=\"https:\/\/tiryakiler.com.tr\/it\/responsabilita-sociale-dimpresa\/\" \/>\n<meta property=\"og:site_name\" content=\"Tiryakiler\" \/>\n<meta property=\"article:modified_time\" content=\"2023-11-01T18:15:17+00:00\" \/>\n<meta name=\"twitter:card\" content=\"summary_large_image\" \/>\n<meta name=\"twitter:label1\" content=\"Tempo di lettura stimato\" \/>\n\t<meta name=\"twitter:data1\" content=\"2 minuti\" \/>\n<script type=\"application\/ld+json\" class=\"yoast-schema-graph\">{\"@context\":\"https:\/\/schema.org\",\"@graph\":[{\"@type\":\"WebPage\",\"@id\":\"https:\/\/tiryakiler.com.tr\/it\/responsabilita-sociale-dimpresa\/\",\"url\":\"https:\/\/tiryakiler.com.tr\/it\/responsabilita-sociale-dimpresa\/\",\"name\":\"Responsabilit\u00e0 sociale d'impresa - Tiryakiler\",\"isPartOf\":{\"@id\":\"https:\/\/tiryakiler.com.tr\/it\/#website\"},\"datePublished\":\"2023-11-01T18:15:16+00:00\",\"dateModified\":\"2023-11-01T18:15:17+00:00\",\"breadcrumb\":{\"@id\":\"https:\/\/tiryakiler.com.tr\/it\/responsabilita-sociale-dimpresa\/#breadcrumb\"},\"inLanguage\":\"it-IT\",\"potentialAction\":[{\"@type\":\"ReadAction\",\"target\":[\"https:\/\/tiryakiler.com.tr\/it\/responsabilita-sociale-dimpresa\/\"]}]},{\"@type\":\"BreadcrumbList\",\"@id\":\"https:\/\/tiryakiler.com.tr\/it\/responsabilita-sociale-dimpresa\/#breadcrumb\",\"itemListElement\":[{\"@type\":\"ListItem\",\"position\":1,\"name\":\"Anasayfa\",\"item\":\"https:\/\/tiryakiler.com.tr\/it\/\"},{\"@type\":\"ListItem\",\"position\":2,\"name\":\"Responsabilit\u00e0 sociale d&#8217;impresa\"}]},{\"@type\":\"WebSite\",\"@id\":\"https:\/\/tiryakiler.com.tr\/it\/#website\",\"url\":\"https:\/\/tiryakiler.com.tr\/it\/\",\"name\":\"Tiryakiler\",\"description\":\"\",\"publisher\":{\"@id\":\"https:\/\/tiryakiler.com.tr\/it\/#organization\"},\"potentialAction\":[{\"@type\":\"SearchAction\",\"target\":{\"@type\":\"EntryPoint\",\"urlTemplate\":\"https:\/\/tiryakiler.com.tr\/it\/?s={search_term_string}\"},\"query-input\":\"required name=search_term_string\"}],\"inLanguage\":\"it-IT\"},{\"@type\":\"Organization\",\"@id\":\"https:\/\/tiryakiler.com.tr\/it\/#organization\",\"name\":\"Tirsan Kardan A\u015e\",\"url\":\"https:\/\/tiryakiler.com.tr\/it\/\",\"logo\":{\"@type\":\"ImageObject\",\"inLanguage\":\"it-IT\",\"@id\":\"https:\/\/tiryakiler.com.tr\/it\/#\/schema\/logo\/image\/\",\"url\":\"https:\/\/tiryakiler.com.tr\/wp-content\/uploads\/2018\/07\/logo.png\",\"contentUrl\":\"https:\/\/tiryakiler.com.tr\/wp-content\/uploads\/2018\/07\/logo.png\",\"width\":314,\"height\":69,\"caption\":\"Tirsan Kardan A\u015e\"},\"image\":{\"@id\":\"https:\/\/tiryakiler.com.tr\/it\/#\/schema\/logo\/image\/\"}}]}<\/script>\n<!-- \/ Yoast SEO plugin. -->","yoast_head_json":{"title":"Responsabilit\u00e0 sociale d'impresa - Tiryakiler","robots":{"index":"noindex","follow":"follow","max-snippet":"max-snippet:-1","max-image-preview":"max-image-preview:large","max-video-preview":"max-video-preview:-1"},"og_locale":"it_IT","og_type":"article","og_title":"Responsabilit\u00e0 sociale d'impresa - Tiryakiler","og_description":"Tirsan Kardan agisce con la convinzione di fornire benefici ai propri stakeholder, all&#8217;ambiente, alla societ\u00e0 e all&#8217;umanit\u00e0, sulla...","og_url":"https:\/\/tiryakiler.com.tr\/it\/responsabilita-sociale-dimpresa\/","og_site_name":"Tiryakiler","article_modified_time":"2023-11-01T18:15:17+00:00","twitter_card":"summary_large_image","twitter_misc":{"Tempo di lettura stimato":"2 minuti"},"schema":{"@context":"https:\/\/schema.org","@graph":[{"@type":"WebPage","@id":"https:\/\/tiryakiler.com.tr\/it\/responsabilita-sociale-dimpresa\/","url":"https:\/\/tiryakiler.com.tr\/it\/responsabilita-sociale-dimpresa\/","name":"Responsabilit\u00e0 sociale d'impresa - Tiryakiler","isPartOf":{"@id":"https:\/\/tiryakiler.com.tr\/it\/#website"},"datePublished":"2023-11-01T18:15:16+00:00","dateModified":"2023-11-01T18:15:17+00:00","breadcrumb":{"@id":"https:\/\/tiryakiler.com.tr\/it\/responsabilita-sociale-dimpresa\/#breadcrumb"},"inLanguage":"it-IT","potentialAction":[{"@type":"ReadAction","target":["https:\/\/tiryakiler.com.tr\/it\/responsabilita-sociale-dimpresa\/"]}]},{"@type":"BreadcrumbList","@id":"https:\/\/tiryakiler.com.tr\/it\/responsabilita-sociale-dimpresa\/#breadcrumb","itemListElement":[{"@type":"ListItem","position":1,"name":"Anasayfa","item":"https:\/\/tiryakiler.com.tr\/it\/"},{"@type":"ListItem","position":2,"name":"Responsabilit\u00e0 sociale d&#8217;impresa"}]},{"@type":"WebSite","@id":"https:\/\/tiryakiler.com.tr\/it\/#website","url":"https:\/\/tiryakiler.com.tr\/it\/","name":"Tiryakiler","description":"","publisher":{"@id":"https:\/\/tiryakiler.com.tr\/it\/#organization"},"potentialAction":[{"@type":"SearchAction","target":{"@type":"EntryPoint","urlTemplate":"https:\/\/tiryakiler.com.tr\/it\/?s={search_term_string}"},"query-input":"required name=search_term_string"}],"inLanguage":"it-IT"},{"@type":"Organization","@id":"https:\/\/tiryakiler.com.tr\/it\/#organization","name":"Tirsan Kardan A\u015e","url":"https:\/\/tiryakiler.com.tr\/it\/","logo":{"@type":"ImageObject","inLanguage":"it-IT","@id":"https:\/\/tiryakiler.com.tr\/it\/#\/schema\/logo\/image\/","url":"https:\/\/tiryakiler.com.tr\/wp-content\/uploads\/2018\/07\/logo.png","contentUrl":"https:\/\/tiryakiler.com.tr\/wp-content\/uploads\/2018\/07\/logo.png","width":314,"height":69,"caption":"Tirsan Kardan A\u015e"},"image":{"@id":"https:\/\/tiryakiler.com.tr\/it\/#\/schema\/logo\/image\/"}}]}},"_links":{"self":[{"href":"https:\/\/tiryakiler.com.tr\/it\/wp-json\/wp\/v2\/pages\/10996","targetHints":{"allow":["GET"]}}],"collection":[{"href":"https:\/\/tiryakiler.com.tr\/it\/wp-json\/wp\/v2\/pages"}],"about":[{"href":"https:\/\/tiryakiler.com.tr\/it\/wp-json\/wp\/v2\/types\/page"}],"author":[{"embeddable":true,"href":"https:\/\/tiryakiler.com.tr\/it\/wp-json\/wp\/v2\/users\/9"}],"replies":[{"embeddable":true,"href":"https:\/\/tiryakiler.com.tr\/it\/wp-json\/wp\/v2\/comments?post=10996"}],"version-history":[{"count":0,"href":"https:\/\/tiryakiler.com.tr\/it\/wp-json\/wp\/v2\/pages\/10996\/revisions"}],"wp:attachment":[{"href":"https:\/\/tiryakiler.com.tr\/it\/wp-json\/wp\/v2\/media?parent=10996"}],"curies":[{"name":"wp","href":"https:\/\/api.w.org\/{rel}","templated":true}]}}